{"id":54127,"date":"2024-07-30T10:10:56","date_gmt":"2024-07-30T08:10:56","guid":{"rendered":"https:\/\/weider.es\/product\/iso-energy\/"},"modified":"2024-10-17T10:28:52","modified_gmt":"2024-10-17T08:28:52","slug":"iso-energy","status":"publish","type":"product","link":"https:\/\/weider.es\/fr\/produit\/iso-energy\/","title":{"rendered":"Iso Energy"},"content":{"rendered":"<p>Formule r\u00e9volutionnaire qui associe les glucides simples et l'insuline.<br \/>\ndes acides amin\u00e9s, des antioxydants et des \u00e9lectrolytes. En particulier, les<br \/>\ncon\u00e7u pour r\u00e9hydrater, optimiser et augmenter la r\u00e9silience<br \/>\npendant la formation.<br \/>\nSi vous pratiquez des sports d'endurance, ISO-ENERGY est le bon choix pour vous.<br \/>\nvotre produit.<br \/>\n- Carbo Optimum Complex : matrice de glucides complexes<br \/>\net des hydrates de carbone complexes qui favorisent l'absorption et le maintien de la sant\u00e9.<br \/>\nl'utilisation de l'\u00e9nergie par les cellules ainsi que la fourniture de l'\u00e9nergie<br \/>\nhydratation rapide.<br \/>\n- L-Glutamine : Il s'agit d'un acide amin\u00e9 essentiel pour le syst\u00e8me nerveux central.<br \/>\nla r\u00e9paration et la r\u00e9cup\u00e9ration des tissus musculaires. En outre, les<br \/>\nam\u00e9liore la fonction du syst\u00e8me immunitaire et diminue le \"syndrome du syst\u00e8me immunitaire\".<br \/>\nle syndrome de surentra\u00eenement (SSE)<br \/>\n- Les \u00e9lectrolytes : Lors d'un exercice prolong\u00e9, il y a une augmentation des<br \/>\ndans la perte d'\u00e9lectrolytes par la sueur et l'urine. Les<br \/>\nLes plus pertinentes sont les suivantes :<br \/>\n\u2013 Calcio: Tiene un papel fundamental en la contracci\u00f3n y<br \/>\nrelaxation musculaire, conduction nerveuse, s\u00e9cr\u00e9tion nerveuse, relaxation musculaire, conduction nerveuse, nerf<br \/>\nles hormones, entre autres.<br \/>\n\u2013 Potasio: Importante en el transporte de glucosa a la<br \/>\ncellule musculaire.<br \/>\n\u2013 Magnesio: Forma parte de m\u00e1s de 300 enzimas, esta<br \/>\nli\u00e9s \u00e0 la transmission de l'influx nerveux,<br \/>\nla contraction musculaire et la production d'ATP (mol\u00e9cule d'ATP).<br \/>\n\u00e9nergie).<br \/>\n\u2013 Sodio y Cloro: Son fundamentales para la correcta<br \/>\nla r\u00e9gulation de l'\u00e9quilibre hydrique.<br \/>\n- Vitamine C : joue un r\u00f4le important dans les sports d'endurance.<br \/>\nr\u00f4le en raison de sa capacit\u00e9 antioxydante, de l'\u00e9limination de la<br \/>\nradicaux libres, ainsi qu'un r\u00e9gulateur de la synth\u00e8se du collag\u00e8ne.<br \/>\net la protection du syst\u00e8me immunitaire.<\/p>","protected":false},"excerpt":{"rendered":"<p>Formule avanc\u00e9e pour augmenter l'endurance<br \/>\npendant l'exercice<br \/>\n\u2013 R\u00e1pida energ\u00eda e hidrataci\u00f3n<\/p>","protected":false},"featured_media":54372,"template":"","meta":{"inline_featured_image":false},"product_cat":[4782],"product_tag":[],"acf":[],"_links":{"self":[{"href":"https:\/\/weider.es\/fr\/wp-json\/wp\/v2\/product\/54127"}],"collection":[{"href":"https:\/\/weider.es\/fr\/wp-json\/wp\/v2\/product"}],"about":[{"href":"https:\/\/weider.es\/fr\/wp-json\/wp\/v2\/types\/product"}],"wp:featuredmedia":[{"embeddable":true,"href":"https:\/\/weider.es\/fr\/wp-json\/wp\/v2\/media\/54372"}],"wp:attachment":[{"href":"https:\/\/weider.es\/fr\/wp-json\/wp\/v2\/media?parent=54127"}],"wp:term":[{"taxonomy":"product_cat","embeddable":true,"href":"https:\/\/weider.es\/fr\/wp-json\/wp\/v2\/product_cat?post=54127"},{"taxonomy":"product_tag","embeddable":true,"href":"https:\/\/weider.es\/fr\/wp-json\/wp\/v2\/product_tag?post=54127"}],"curies":[{"name":"wp","href":"https:\/\/api.w.org\/{rel}","templated":true}]}}