{"id":54382,"date":"2024-07-30T10:18:58","date_gmt":"2024-07-30T08:18:58","guid":{"rendered":"https:\/\/weider.es\/product\/fusion-protein-chocolate-brownie\/"},"modified":"2024-10-17T10:28:13","modified_gmt":"2024-10-17T08:28:13","slug":"fusion-protein-chocolate-brownie","status":"publish","type":"product","link":"https:\/\/weider.es\/fr\/produit\/fusion-protein-chocolate-brownie\/","title":{"rendered":"Fusion Protein (Brownie au chocolat)"},"content":{"rendered":"<p>Notre nouvelle prot\u00e9ine FUSION PROTEIN a \u00e9t\u00e9 cr\u00e9\u00e9e sur la base de 4 sources de prot\u00e9ines de la famille des<br \/>\nde la plus haute qualit\u00e9 possible, offrant tous les avantages des prot\u00e9ines animales et v\u00e9g\u00e9tales dans un seul et m\u00eame produit.<br \/>\nproduit unique.<br \/>\nCes quatre sources sont les suivantes : Concentr\u00e9 de lactos\u00e9rum, isolat de lactos\u00e9rum, isolat de lactos\u00e9rum, isolat de lactos\u00e9rum et isolat de lactos\u00e9rum.<br \/>\nprot\u00e9ines de soja et concentr\u00e9 de pois jaune. Gr\u00e2ce \u00e0 cette combinaison de prot\u00e9ines, nous avons<br \/>\na obtenu une prot\u00e9ine au profil d'acides amin\u00e9s parfait, pauvre en graisses et en sucres. \u00c0 partir de cette<br \/>\nNous avons con\u00e7u une prot\u00e9ine qui vous aidera \u00e0 la fois \u00e0 gagner du muscle et \u00e0 le maintenir.<br \/>\nles \u00e9tapes de la d\u00e9finition.<br \/>\nLa prot\u00e9ine Fusion fournit 4,3 g d'acides amin\u00e9s \u00e0 cha\u00eene ramifi\u00e9e (BCAA) et 23 g d'acides gras om\u00e9ga-3.<br \/>\nde prot\u00e9ines par shake. Les BCAA sont des acides amin\u00e9s essentiels qui jouent un r\u00f4le fondamental dans l'organisme.<br \/>\nle d\u00e9veloppement musculaire et la r\u00e9cup\u00e9ration.<br \/>\nNotre prot\u00e9ine Fusion a \u00e9t\u00e9 obtenue par des proc\u00e9d\u00e9s minutieux et ce gr\u00e2ce \u00e0 la combinaison de<br \/>\navec de la st\u00e9via permet d'obtenir une prot\u00e9ine facile \u00e0 dig\u00e9rer et au go\u00fbt agr\u00e9able. C'est pourquoi nos prot\u00e9ines<br \/>\nest id\u00e9al pour les moments o\u00f9 vos besoins en prot\u00e9ines doivent \u00eatre couverts.<\/p>","protected":false},"excerpt":{"rendered":"<p>Combinaison de 4 sources diff\u00e9rentes de prot\u00e9ines de haute qualit\u00e9<br \/>\n- Avec stevia (sans sucres ajout\u00e9s)<br \/>\n- Id\u00e9al pour les phases de gonflement, de maintien et de d\u00e9finition musculaire<\/p>","protected":false},"featured_media":53479,"template":"","meta":{"inline_featured_image":false},"product_cat":[4764],"product_tag":[],"acf":[],"_links":{"self":[{"href":"https:\/\/weider.es\/fr\/wp-json\/wp\/v2\/product\/54382"}],"collection":[{"href":"https:\/\/weider.es\/fr\/wp-json\/wp\/v2\/product"}],"about":[{"href":"https:\/\/weider.es\/fr\/wp-json\/wp\/v2\/types\/product"}],"wp:featuredmedia":[{"embeddable":true,"href":"https:\/\/weider.es\/fr\/wp-json\/wp\/v2\/media\/53479"}],"wp:attachment":[{"href":"https:\/\/weider.es\/fr\/wp-json\/wp\/v2\/media?parent=54382"}],"wp:term":[{"taxonomy":"product_cat","embeddable":true,"href":"https:\/\/weider.es\/fr\/wp-json\/wp\/v2\/product_cat?post=54382"},{"taxonomy":"product_tag","embeddable":true,"href":"https:\/\/weider.es\/fr\/wp-json\/wp\/v2\/product_tag?post=54382"}],"curies":[{"name":"wp","href":"https:\/\/api.w.org\/{rel}","templated":true}]}}