{"id":54383,"date":"2024-07-30T10:18:58","date_gmt":"2024-07-30T08:18:58","guid":{"rendered":"https:\/\/weider.es\/product\/intense-pure-creatine-creaz-astragin\/"},"modified":"2024-10-17T10:28:13","modified_gmt":"2024-10-17T08:28:13","slug":"creatina-pura-creaz-astragin","status":"publish","type":"product","link":"https:\/\/weider.es\/fr\/produit\/intense-pure-creatine-creaz-astragin\/","title":{"rendered":"Capsules de cr\u00e9atine pure"},"content":{"rendered":"<p>La cr\u00e9atine (C) est un suppl\u00e9ment tr\u00e8s r\u00e9pandu chez les athl\u00e8tes. De nombreuses \u00e9tudes ont d\u00e9montr\u00e9 son effet ergog\u00e9nique en augmentant les r\u00e9serves de phosphocr\u00e9atine (PC) au niveau musculaire, et donc l'ATP.<\/p>\n<p>L'ATP est la mol\u00e9cule d'\u00e9nergie que le muscle utilise pendant les efforts de courte dur\u00e9e et de haute intensit\u00e9. La suppl\u00e9mentation en cr\u00e9atine (C) augmente donc l'apport d'\u00e9nergie aux muscles et facilite la resynth\u00e8se de la phosphocr\u00e9atine (PC).<br \/>\nTout cela se traduit par une augmentation de la force et une meilleure capacit\u00e9 de r\u00e9cup\u00e9ration entre les s\u00e9ries, ce qui vous permet d'augmenter l'intensit\u00e9 de vos s\u00e9ances d'entra\u00eenement pour am\u00e9liorer vos performances jour apr\u00e8s jour.<\/p>\n<p>CreaZ\u00ae est compos\u00e9 de cr\u00e9atine pure 100%, ce qui en fait le produit de cr\u00e9atine le plus pur disponible sur le march\u00e9. Elle se pr\u00e9sente sous forme microfine et, contrairement \u00e0 d'autres produits \u00e0 base de cr\u00e9atine, la cr\u00e9atine contenue dans CreaZ\u00ae n'est pas li\u00e9e \u00e0 des hydrates, des citrates ou des st\u00e9arates, ce qui permet d'obtenir de la cr\u00e9atine 100% pure pour la construction musculaire.<\/p>\n<p>CreaZ\u00ae permet une production plus rapide et plus importante d'ATP, ce qui se traduit par une meilleure performance athl\u00e9tique.<\/p>","protected":false},"excerpt":{"rendered":"<p>CreaZ\u00ae La forme la plus pure et la plus concentr\u00e9e de cr\u00e9atine sur le march\u00e9.<\/p>\n<p>AstraGin\u00ae Excellente absorption par l'organisme.<\/p>\n<p>Am\u00e9liore les performances physiques.<\/p>","protected":false},"featured_media":53482,"template":"","meta":{"inline_featured_image":false},"product_cat":[4853,4775],"product_tag":[],"acf":[],"_links":{"self":[{"href":"https:\/\/weider.es\/fr\/wp-json\/wp\/v2\/product\/54383"}],"collection":[{"href":"https:\/\/weider.es\/fr\/wp-json\/wp\/v2\/product"}],"about":[{"href":"https:\/\/weider.es\/fr\/wp-json\/wp\/v2\/types\/product"}],"wp:featuredmedia":[{"embeddable":true,"href":"https:\/\/weider.es\/fr\/wp-json\/wp\/v2\/media\/53482"}],"wp:attachment":[{"href":"https:\/\/weider.es\/fr\/wp-json\/wp\/v2\/media?parent=54383"}],"wp:term":[{"taxonomy":"product_cat","embeddable":true,"href":"https:\/\/weider.es\/fr\/wp-json\/wp\/v2\/product_cat?post=54383"},{"taxonomy":"product_tag","embeddable":true,"href":"https:\/\/weider.es\/fr\/wp-json\/wp\/v2\/product_tag?post=54383"}],"curies":[{"name":"wp","href":"https:\/\/api.w.org\/{rel}","templated":true}]}}