{"id":54384,"date":"2024-07-30T10:18:58","date_gmt":"2024-07-30T08:18:58","guid":{"rendered":"https:\/\/weider.es\/product\/premium-purecreatine-creapure\/"},"modified":"2025-05-23T10:53:45","modified_gmt":"2025-05-23T08:53:45","slug":"creatina-creapure-premium","status":"publish","type":"product","link":"https:\/\/weider.es\/fr\/produit\/creatina-creapure-premium\/","title":{"rendered":"Cr\u00e9atine Creapure Premium"},"content":{"rendered":"<p>Les <a href=\"https:\/\/weider.es\/fr\/creatinas\/\">cr\u00e9atine<\/a> (C) est un compl\u00e9ment tr\u00e8s r\u00e9pandu chez les sportifs. De nombreuses \u00e9tudes ont d\u00e9montr\u00e9 son effet ergog\u00e9nique en augmentant les r\u00e9serves de phosphocr\u00e9atine (PC) dans les muscles, et donc l'ATP.<\/p>\n<p>Creapure\u00ae est la marque de cr\u00e9atine monohydrate pure. <a href=\"https:\/\/weider.es\/fr\/joints-de-qualite\/\">Creapure<\/a> est la forme de cr\u00e9atine la plus \u00e9tudi\u00e9e et la plus s\u00fbre et la plus efficace au monde, vous pouvez \u00eatre s\u00fbr d'utiliser l'un des produits les meilleurs et les plus fiables du march\u00e9.<\/p>\n<p>PC + ADP \u21d4 C + ATP<\/p>\n<p>Todo esto se traduce en que la creatina Creapure\u00ae mejora el rendimiento f\u00edsico en series sucesivas de ejercicios breves de alta intensidad, lo que permite aumentar la intensidad de los entrenamientos para superarte d\u00eda tras d\u00eda.<\/p>\n<p>Pour vous aider \u00e0 obtenir les meilleurs r\u00e9sultats, WEIDER a formul\u00e9 Premium Creatine avec la cr\u00e9atine la plus pure du march\u00e9 (100% Creapure\u00ae).<\/p>\n<p>Avec Creatine Creapure Premium, vous pouvez vous attaquer \u00e0 vos entra\u00eenements quotidiens avec le maximum de force possible.<\/p>\n<p>Disponible sous forme de poudre \u00e0 m\u00e9langer \u00e0 votre smoothie.<\/p>","protected":false},"excerpt":{"rendered":"<p>Force et congestion musculaire en un seul produit.<br \/>\nCr\u00e9atine Creapure\u00ae 100% .<br \/>\nMonohydrate de cr\u00e9atine.<br \/>\nAm\u00e9liore les performances physiques.<\/p>","protected":false},"featured_media":54624,"template":"","meta":{"inline_featured_image":false},"product_cat":[4851,4775,4801],"product_tag":[],"acf":[],"_links":{"self":[{"href":"https:\/\/weider.es\/fr\/wp-json\/wp\/v2\/product\/54384"}],"collection":[{"href":"https:\/\/weider.es\/fr\/wp-json\/wp\/v2\/product"}],"about":[{"href":"https:\/\/weider.es\/fr\/wp-json\/wp\/v2\/types\/product"}],"wp:featuredmedia":[{"embeddable":true,"href":"https:\/\/weider.es\/fr\/wp-json\/wp\/v2\/media\/54624"}],"wp:attachment":[{"href":"https:\/\/weider.es\/fr\/wp-json\/wp\/v2\/media?parent=54384"}],"wp:term":[{"taxonomy":"product_cat","embeddable":true,"href":"https:\/\/weider.es\/fr\/wp-json\/wp\/v2\/product_cat?post=54384"},{"taxonomy":"product_tag","embeddable":true,"href":"https:\/\/weider.es\/fr\/wp-json\/wp\/v2\/product_tag?post=54384"}],"curies":[{"name":"wp","href":"https:\/\/api.w.org\/{rel}","templated":true}]}}