{"id":54385,"date":"2024-07-30T12:40:09","date_gmt":"2024-07-30T10:40:09","guid":{"rendered":"https:\/\/weider.es\/product\/creatine-200-mesh-astragin-neutra\/"},"modified":"2026-02-06T10:50:28","modified_gmt":"2026-02-06T09:50:28","slug":"creatina-micronizada","status":"publish","type":"product","link":"https:\/\/weider.es\/fr\/produit\/creatine-200-mesh-astragin-neutra\/","title":{"rendered":"Cr\u00e9atine micronis\u00e9e"},"content":{"rendered":"<p>- Cr\u00e9atine micronis\u00e9e 200 MESH.<\/p>\n<p>- Avec AstraGin\u00ae.<\/p>\n<p>- Excellente absorption par l'organisme.<\/p>\n<p>La cr\u00e9atine (C) est un suppl\u00e9ment tr\u00e8s r\u00e9pandu chez les athl\u00e8tes. De nombreuses \u00e9tudes ont d\u00e9montr\u00e9 son effet ergog\u00e9nique en augmentant les r\u00e9serves de phosphocr\u00e9atine (PC) au niveau musculaire, et donc l'ATP.<\/p>\n<p>L'ATP est la mol\u00e9cule d'\u00e9nergie que le muscle utilise pendant les efforts de courte dur\u00e9e et de haute intensit\u00e9. La suppl\u00e9mentation en cr\u00e9atine (C) augmente donc l'apport d'\u00e9nergie aux muscles et facilite la resynth\u00e8se de la phosphocr\u00e9atine (PC).<\/p>\n<p>Tout cela se traduit par une augmentation de la force et une meilleure capacit\u00e9 de r\u00e9cup\u00e9ration entre les s\u00e9ries, ce qui vous permet d'augmenter l'intensit\u00e9 de vos s\u00e9ances d'entra\u00eenement pour am\u00e9liorer vos performances jour apr\u00e8s jour.<\/p>\n<p>Afin de vous aider \u00e0 atteindre vos meilleurs r\u00e9sultats, Weider a formul\u00e9 une cr\u00e9atine micronis\u00e9e, 200 mesh. Cela se r\u00e9f\u00e8re \u00e0 la bonne solubilit\u00e9 dans l'eau et donc \u00e0 une meilleure absorption dans le corps gr\u00e2ce \u00e0 la taille des particules.<\/p>\n<p>En Weider siempre queremos seguir innovando, y por eso hemos a\u00f1adido una variedad de sabores, un sabor incre\u00edblemente bueno, blueraspberry. Cuando lo pruebes, no dejar\u00e1 indiferente a nadie.<\/p>\n<p>Afin d'obtenir une formule compl\u00e8te, nous avons ajout\u00e9 AstraGin\u00ae, un compos\u00e9 v\u00e9g\u00e9tal brevet\u00e9 100% qui augmente l'absorption de nombreux nutriments vitaux en favorisant un environnement intestinal sain. De nombreuses \u00e9tudes confirment son efficacit\u00e9. Sp\u00e9cifiquement pour ce produit, il augmente l'absorption des acides amin\u00e9s tels que la cr\u00e9atine de 33%.<\/p>","protected":false},"excerpt":{"rendered":"<p>- Cr\u00e9atine micronis\u00e9e 200 MESH.<\/p>\n<p>- Avec AstraGin\u00ae.<\/p>\n<p>- Excellente absorption par l'organisme.<\/p>","protected":false},"featured_media":53495,"template":"","meta":{"inline_featured_image":false},"product_cat":[4853,4775],"product_tag":[],"acf":[],"_links":{"self":[{"href":"https:\/\/weider.es\/fr\/wp-json\/wp\/v2\/product\/54385"}],"collection":[{"href":"https:\/\/weider.es\/fr\/wp-json\/wp\/v2\/product"}],"about":[{"href":"https:\/\/weider.es\/fr\/wp-json\/wp\/v2\/types\/product"}],"wp:featuredmedia":[{"embeddable":true,"href":"https:\/\/weider.es\/fr\/wp-json\/wp\/v2\/media\/53495"}],"wp:attachment":[{"href":"https:\/\/weider.es\/fr\/wp-json\/wp\/v2\/media?parent=54385"}],"wp:term":[{"taxonomy":"product_cat","embeddable":true,"href":"https:\/\/weider.es\/fr\/wp-json\/wp\/v2\/product_cat?post=54385"},{"taxonomy":"product_tag","embeddable":true,"href":"https:\/\/weider.es\/fr\/wp-json\/wp\/v2\/product_tag?post=54385"}],"curies":[{"name":"wp","href":"https:\/\/api.w.org\/{rel}","templated":true}]}}