{"id":54387,"date":"2024-07-30T10:18:58","date_gmt":"2024-07-30T08:18:58","guid":{"rendered":"https:\/\/weider.es\/product\/rush-pump\/"},"modified":"2024-10-17T10:28:17","modified_gmt":"2024-10-17T08:28:17","slug":"rush-pump","status":"publish","type":"product","link":"https:\/\/weider.es\/fr\/produit\/pompe-a-joncs\/","title":{"rendered":"Pompe \u00e0 joncs"},"content":{"rendered":"<p>Rush Pump de Weider est un pr\u00e9-entra\u00eenement sans stimulant con\u00e7u pour fournir de l'\u00e9nergie et am\u00e9liorer les performances pendant l'entra\u00eenement. Avec une forte concentration d'ingr\u00e9dients actifs, dont des acides amin\u00e9s libres, de l'extrait d'amarante (Oxystorm\u00ae), de la poudre de betterave, de la poudre de feuilles de Ginkgo, des vitamines et des min\u00e9raux, ce produit vous aidera \u00e0 donner le meilleur de vous-m\u00eame \u00e0 chaque s\u00e9ance d'entra\u00eenement.<\/p>\n<p>Les principaux ingr\u00e9dients de Rush Pump sont les suivants<\/p>\n<p>8 000 mg de L-Citrulline Malate : active la synth\u00e8se de l'oxyde nitrique, am\u00e9liore le flux sanguin et r\u00e9duit la congestion musculaire pendant l'exercice.<\/p>\n<p>5 000 mg de L-arginine : am\u00e9liore la production d'oxyde nitrique, favorisant des s\u00e9ances d'entra\u00eenement explosives et des performances de pointe.<\/p>\n<p>500 mg Oxystorm\u00ae : extrait d'amarante, une riche source de nitrate qui agit comme vasodilatateur, am\u00e9liorant l'oxyg\u00e9nation des muscles pendant l'activit\u00e9 physique.<\/p>\n<p>Ce pr\u00e9-entra\u00eenement est id\u00e9al pour ceux qui ne veulent pas ou ne peuvent pas consommer de stimulants. C'est \u00e9galement un excellent choix pour les s\u00e9ances d'entra\u00eenement du soir, car il n'affectera pas votre capacit\u00e9 \u00e0 vous reposer apr\u00e8s l'exercice.<\/p>\n<p>Exp\u00e9rimentez la puissance \u00e9nerg\u00e9tique de Weider Rush Pump et d\u00e9couvrez comment il peut am\u00e9liorer vos performances pendant vos s\u00e9ances d'entra\u00eenement.<\/p>","protected":false},"excerpt":{"rendered":"<p>Sans caf\u00e9ine ni cr\u00e9atine<br \/>\nAvec 8000 mg de L-Citrulline et 5000 mg de L-Arginine<br \/>\nAvec 500 mg d'Oxystorm\u00ae, de Ginko biloba et de betterave.<\/p>","protected":false},"featured_media":53500,"template":"","meta":{"inline_featured_image":false},"product_cat":[4778],"product_tag":[],"acf":[],"_links":{"self":[{"href":"https:\/\/weider.es\/fr\/wp-json\/wp\/v2\/product\/54387"}],"collection":[{"href":"https:\/\/weider.es\/fr\/wp-json\/wp\/v2\/product"}],"about":[{"href":"https:\/\/weider.es\/fr\/wp-json\/wp\/v2\/types\/product"}],"wp:featuredmedia":[{"embeddable":true,"href":"https:\/\/weider.es\/fr\/wp-json\/wp\/v2\/media\/53500"}],"wp:attachment":[{"href":"https:\/\/weider.es\/fr\/wp-json\/wp\/v2\/media?parent=54387"}],"wp:term":[{"taxonomy":"product_cat","embeddable":true,"href":"https:\/\/weider.es\/fr\/wp-json\/wp\/v2\/product_cat?post=54387"},{"taxonomy":"product_tag","embeddable":true,"href":"https:\/\/weider.es\/fr\/wp-json\/wp\/v2\/product_tag?post=54387"}],"curies":[{"name":"wp","href":"https:\/\/api.w.org\/{rel}","templated":true}]}}