{"id":54389,"date":"2024-07-30T10:18:58","date_gmt":"2024-07-30T08:18:58","guid":{"rendered":"https:\/\/weider.es\/product\/joes-vegan-bar\/"},"modified":"2024-10-17T10:28:18","modified_gmt":"2024-10-17T08:28:18","slug":"joes-vegan-bar","status":"publish","type":"product","link":"https:\/\/weider.es\/fr\/produit\/joes-vegan-bar\/","title":{"rendered":"JOE'S Vegan Bar"},"content":{"rendered":"<p>Les barres tendres Joe's sont vraiment sp\u00e9ciales, \u00e0 tel point que nous avons d\u00e9cid\u00e9 de leur donner le nom du fondateur de notre soci\u00e9t\u00e9, M. Joe Weider. Non seulement ces barres offrent d'excellentes valeurs nutritionnelles, mais elles satisfont \u00e9galement le palais comme n'importe quelle barre chocolat\u00e9e conventionnelle.<\/p>\n<p>Son c\u0153ur prot\u00e9ique incroyablement doux est constitu\u00e9 d'une matrice prot\u00e9ique v\u00e9g\u00e9talienne combinant du soja, du bl\u00e9, des pois et des graines de citrouille. En outre, chaque barre contient de vrais morceaux d'amandes croquants et est enrob\u00e9e d'un d\u00e9licieux rev\u00eatement v\u00e9g\u00e9talien.<\/p>\n<p>Avec 29% de prot\u00e9ines, la barre molle v\u00e9g\u00e9talienne Brownie Cappuccino de Joe's est parfaite pour toute personne physiquement active ou athl\u00e8te, contribuant au maintien et \u00e0 la croissance des muscles. De plus, chaque barre ne contient que 195 calories et 1,4 g de sucre.<\/p>\n<p>Chez Weider, notre objectif est de fournir la meilleure nutrition sportive afin que nos clients puissent mener une vie saine et atteindre leurs objectifs sportifs. Avec plus de 85 ans d'exp\u00e9rience dans l'industrie, nous comprenons l'importance d'utiliser les ingr\u00e9dients les plus fiables et de la plus haute qualit\u00e9 dans tous nos produits.<\/p>","protected":false},"excerpt":{"rendered":"<p>Nueva barrita de prote\u00ednas incre\u00edblemente blanda \u2013 \u00a1100% vegana! \u2022 S\u00f3lo 1,4 g de az\u00facar por barrita<\/p>","protected":false},"featured_media":53507,"template":"","meta":{"inline_featured_image":false},"product_cat":[4779],"product_tag":[],"acf":[],"_links":{"self":[{"href":"https:\/\/weider.es\/fr\/wp-json\/wp\/v2\/product\/54389"}],"collection":[{"href":"https:\/\/weider.es\/fr\/wp-json\/wp\/v2\/product"}],"about":[{"href":"https:\/\/weider.es\/fr\/wp-json\/wp\/v2\/types\/product"}],"wp:featuredmedia":[{"embeddable":true,"href":"https:\/\/weider.es\/fr\/wp-json\/wp\/v2\/media\/53507"}],"wp:attachment":[{"href":"https:\/\/weider.es\/fr\/wp-json\/wp\/v2\/media?parent=54389"}],"wp:term":[{"taxonomy":"product_cat","embeddable":true,"href":"https:\/\/weider.es\/fr\/wp-json\/wp\/v2\/product_cat?post=54389"},{"taxonomy":"product_tag","embeddable":true,"href":"https:\/\/weider.es\/fr\/wp-json\/wp\/v2\/product_tag?post=54389"}],"curies":[{"name":"wp","href":"https:\/\/api.w.org\/{rel}","templated":true}]}}