{"id":54391,"date":"2024-07-30T10:18:58","date_gmt":"2024-07-30T08:18:58","guid":{"rendered":"https:\/\/weider.es\/product\/day-night-casein-chocolate\/"},"modified":"2024-10-17T10:28:19","modified_gmt":"2024-10-17T08:28:19","slug":"day-night-casein-chocolate","status":"publish","type":"product","link":"https:\/\/weider.es\/fr\/produit\/day-night-casein-chocolate\/","title":{"rendered":"Jour &amp; Nuit Cas\u00e9ine Chocolat"},"content":{"rendered":"<p>La cas\u00e9ine repr\u00e9sente une fraction tr\u00e8s importante des prot\u00e9ines du lait, \u00e0 tel point qu'elle est la principale prot\u00e9ine du lait (80% des prot\u00e9ines totales). Elle est m\u00e9tabolis\u00e9e lentement et lib\u00e8re r\u00e9guli\u00e8rement des acides amin\u00e9s dans le sang. Ainsi, les muscles re\u00e7oivent en permanence tous les acides amin\u00e9s n\u00e9cessaires \u00e0 leur croissance. <\/p>\n<p>En outre, la lib\u00e9ration d'insuline par l'organisme apr\u00e8s l'ingestion est faible, ce qui produit un effet anti-catabolique \u00e0 long terme. Cette caract\u00e9ristique, associ\u00e9e \u00e0 une faible teneur en lipides et en glucides, signifie que ce produit peut contribuer au m\u00e9tabolisme des graisses dans le cadre d'un r\u00e9gime amaigrissant. <\/p>\n<p>La cas\u00e9ine est obtenue \u00e0 l'aide des m\u00e9thodes les plus r\u00e9centes et offre la meilleure qualit\u00e9. Gr\u00e2ce \u00e0 ces m\u00e9thodes, la cas\u00e9ine est riche en L-Glutamine. <\/p>\n<p>Nous vous proposons une formule cr\u00e9meuse et facile \u00e0 dissoudre, ce qui contribue \u00e0 son go\u00fbt d\u00e9licieux.<\/p>","protected":false},"excerpt":{"rendered":"<p>Formule prot\u00e9ique avec cas\u00e9inate de calcium pour une lib\u00e9ration progressive des acides amin\u00e9s<br \/>\nEffet rassasiant sans sensation de lourdeur<\/p>","protected":false},"featured_media":53515,"template":"","meta":{"inline_featured_image":false},"product_cat":[4764],"product_tag":[],"acf":[],"_links":{"self":[{"href":"https:\/\/weider.es\/fr\/wp-json\/wp\/v2\/product\/54391"}],"collection":[{"href":"https:\/\/weider.es\/fr\/wp-json\/wp\/v2\/product"}],"about":[{"href":"https:\/\/weider.es\/fr\/wp-json\/wp\/v2\/types\/product"}],"wp:featuredmedia":[{"embeddable":true,"href":"https:\/\/weider.es\/fr\/wp-json\/wp\/v2\/media\/53515"}],"wp:attachment":[{"href":"https:\/\/weider.es\/fr\/wp-json\/wp\/v2\/media?parent=54391"}],"wp:term":[{"taxonomy":"product_cat","embeddable":true,"href":"https:\/\/weider.es\/fr\/wp-json\/wp\/v2\/product_cat?post=54391"},{"taxonomy":"product_tag","embeddable":true,"href":"https:\/\/weider.es\/fr\/wp-json\/wp\/v2\/product_tag?post=54391"}],"curies":[{"name":"wp","href":"https:\/\/api.w.org\/{rel}","templated":true}]}}