{"id":54393,"date":"2024-07-30T10:18:58","date_gmt":"2024-07-30T08:18:58","guid":{"rendered":"https:\/\/weider.es\/product\/creatine-200-mesh-piruleta\/"},"modified":"2024-10-17T10:28:20","modified_gmt":"2024-10-17T08:28:20","slug":"creatina-lollipop","status":"publish","type":"product","link":"https:\/\/weider.es\/fr\/produit\/creatina-monohidratada-200-mesh-piruleta\/","title":{"rendered":"Sucette \u00e0 la cr\u00e9atine monohydrate"},"content":{"rendered":"<p>La cr\u00e9atine est un suppl\u00e9ment populaire chez les athl\u00e8tes en raison de sa capacit\u00e9 \u00e0 augmenter les r\u00e9serves de phosphocr\u00e9atine dans les muscles, ce qui accro\u00eet la production d'ATP, la principale source d'\u00e9nergie pour les efforts de haute intensit\u00e9 et de courte dur\u00e9e. La Creatine 200 mesh est micronis\u00e9e, ce qui am\u00e9liore sa solubilit\u00e9 et son absorption, et est con\u00e7ue pour optimiser les performances physiques lors d'activit\u00e9s intenses. Ses principales caract\u00e9ristiques sont les suivantes :<\/p>\n<p>Haute puret\u00e9 : processus de purification rigoureux pour garantir la qualit\u00e9.<\/p>\n<p>Absorption rapide : particules finement pulv\u00e9ris\u00e9es pour une meilleure absorption.<\/p>\n<p>Am\u00e9lioration des performances physiques : augmentation de la force musculaire et de l'endurance.<\/p>\n<p>Augmentation de la masse musculaire : favorise la croissance de la masse musculaire maigre.<\/p>\n<p>En outre, cette cr\u00e9atine est agr\u00e9able au go\u00fbt, sans qu'il soit n\u00e9cessaire de la m\u00e9langer \u00e0 d'autres produits, et elle est exempte de sucres et de graisses ajout\u00e9s, gr\u00e2ce \u00e0 l'\u00e9dulcorant stevia et \u00e0 des colorants naturels. Elle convient \u00e9galement aux v\u00e9g\u00e9taliens.<\/p>","protected":false},"excerpt":{"rendered":"<p>- Augmentation des performances physiques.<br \/>\n- Cr\u00e9atine rapidement absorb\u00e9e.<br \/>\n- Augmentation de la r\u00e9sistance.<\/p>","protected":false},"featured_media":53520,"template":"","meta":{"inline_featured_image":false},"product_cat":[4775,4781],"product_tag":[],"acf":[],"_links":{"self":[{"href":"https:\/\/weider.es\/fr\/wp-json\/wp\/v2\/product\/54393"}],"collection":[{"href":"https:\/\/weider.es\/fr\/wp-json\/wp\/v2\/product"}],"about":[{"href":"https:\/\/weider.es\/fr\/wp-json\/wp\/v2\/types\/product"}],"wp:featuredmedia":[{"embeddable":true,"href":"https:\/\/weider.es\/fr\/wp-json\/wp\/v2\/media\/53520"}],"wp:attachment":[{"href":"https:\/\/weider.es\/fr\/wp-json\/wp\/v2\/media?parent=54393"}],"wp:term":[{"taxonomy":"product_cat","embeddable":true,"href":"https:\/\/weider.es\/fr\/wp-json\/wp\/v2\/product_cat?post=54393"},{"taxonomy":"product_tag","embeddable":true,"href":"https:\/\/weider.es\/fr\/wp-json\/wp\/v2\/product_tag?post=54393"}],"curies":[{"name":"wp","href":"https:\/\/api.w.org\/{rel}","templated":true}]}}