{"id":54396,"date":"2024-07-30T10:18:58","date_gmt":"2024-07-30T08:18:58","guid":{"rendered":"https:\/\/weider.es\/product\/hzrd-shot-citrus\/"},"modified":"2024-10-17T10:28:21","modified_gmt":"2024-10-17T08:28:21","slug":"hzrd-shot-citrus","status":"publish","type":"product","link":"https:\/\/weider.es\/fr\/produit\/hzrd-shot-citrus\/","title":{"rendered":"HZRD SHOT Agrumes"},"content":{"rendered":"<p>La composition bien pens\u00e9e de HZRD SHOT utilise la synergie des acides amin\u00e9s L-citrulline et L-arginine et vous fournit tout ce dont vous avez besoin pour un entra\u00eenement de haute intensit\u00e9, le tout dans seulement 60 ml !  <\/p>\n<p>En outre, le shot de pr\u00e9-entra\u00eenement pratique contient de l'ac\u00e9tyl-L-carnitine et de la taurine de haute qualit\u00e9, ainsi que 200 mg de caf\u00e9ine stimulante. Les vitamines B niacine et B6 contribuent \u00e9galement \u00e0 r\u00e9duire la fatigue et l'\u00e9puisement.<\/p>","protected":false},"excerpt":{"rendered":"<p>Dosage avec 4 g de malate de L-citrulline et 2 g de L-arginine<br \/>\nAvec de la N-ac\u00e9tyl-L-carnitine et de la taurine de haute qualit\u00e9<br \/>\n200 mg de caf\u00e9ine pour un coup de fouet suppl\u00e9mentaire<\/p>","protected":false},"featured_media":53528,"template":"","meta":{"inline_featured_image":false},"product_cat":[4778],"product_tag":[],"acf":[],"_links":{"self":[{"href":"https:\/\/weider.es\/fr\/wp-json\/wp\/v2\/product\/54396"}],"collection":[{"href":"https:\/\/weider.es\/fr\/wp-json\/wp\/v2\/product"}],"about":[{"href":"https:\/\/weider.es\/fr\/wp-json\/wp\/v2\/types\/product"}],"wp:featuredmedia":[{"embeddable":true,"href":"https:\/\/weider.es\/fr\/wp-json\/wp\/v2\/media\/53528"}],"wp:attachment":[{"href":"https:\/\/weider.es\/fr\/wp-json\/wp\/v2\/media?parent=54396"}],"wp:term":[{"taxonomy":"product_cat","embeddable":true,"href":"https:\/\/weider.es\/fr\/wp-json\/wp\/v2\/product_cat?post=54396"},{"taxonomy":"product_tag","embeddable":true,"href":"https:\/\/weider.es\/fr\/wp-json\/wp\/v2\/product_tag?post=54396"}],"curies":[{"name":"wp","href":"https:\/\/api.w.org\/{rel}","templated":true}]}}