{"id":54397,"date":"2024-07-30T10:18:58","date_gmt":"2024-07-30T08:18:58","guid":{"rendered":"https:\/\/weider.es\/product\/pre-training-storm-raspberry-lemonade\/"},"modified":"2024-10-17T10:28:22","modified_gmt":"2024-10-17T08:28:22","slug":"pre-training-storm-raspberry-lemonade","status":"publish","type":"product","link":"https:\/\/weider.es\/fr\/produit\/pre-training-storm-raspberry-lemonade\/","title":{"rendered":"Temp\u00eate pr\u00e9-entra\u00eenement Framboise-Lemonade"},"content":{"rendered":"<p>Victory Endurance PRE-TRAINING STORM est un compl\u00e9ment pr\u00e9-entra\u00eenement con\u00e7u pour am\u00e9liorer les performances \u00e0 l'entra\u00eenement et en comp\u00e9tition, en particulier pour les athl\u00e8tes d'endurance. Il associe des ingr\u00e9dients traditionnels et innovants pour r\u00e9pondre \u00e0 des besoins sp\u00e9cifiques :<\/p>\n<p>Oxystorm\u00ae (extrait d'amarante) : Riche en nitrates, il am\u00e9liore la vasodilatation et l'oxyg\u00e9nation des muscles.<\/p>\n<p>KSM-66\u2122 (Ashwagandha) : am\u00e9liore l'endurance et l'absorption maximale d'oxyg\u00e8ne.<\/p>\n<p>Palatinose\u2122 (isomaltulose) : fournit de l'\u00e9nergie \u00e0 long terme gr\u00e2ce \u00e0 son faible indice glyc\u00e9mique.<\/p>\n<p>Caf\u00e9ine : 120 mg par dose, stimule le syst\u00e8me nerveux, am\u00e9liore la concentration, active le m\u00e9tabolisme des graisses et am\u00e9liore la contraction musculaire.<\/p>\n<p>B\u00eata-alanine : retarde la fatigue musculaire en neutralisant l'acide lactique.<\/p>\n<p>Arginine, ornithine et citrulline : pr\u00e9curseurs de l'oxyde nitrique, am\u00e9liorent le flux sanguin musculaire.<\/p>\n<p>BCAA et Glutamine : Utilis\u00e9s comme source d'\u00e9nergie, ils retardent la fatigue en pr\u00e9servant le glycog\u00e8ne musculaire.<\/p>\n<p>Taurine : transporte l'eau et les nutriments vers les cellules, renforce l'effet de la caf\u00e9ine.<\/p>\n<p>Il contient \u00e9galement des \u00e9lectrolytes, des vitamines et des min\u00e9raux pour retarder la d\u00e9shydratation et am\u00e9liorer les performances.<\/p>","protected":false},"excerpt":{"rendered":"<p>Formule am\u00e9lior\u00e9e, ingr\u00e9dients de pointe<br \/>\nAvec des ingr\u00e9dients vasodilatateurs et adaptog\u00e8nes<\/p>","protected":false},"featured_media":55407,"template":"","meta":{"inline_featured_image":false},"product_cat":[4778],"product_tag":[],"acf":[],"_links":{"self":[{"href":"https:\/\/weider.es\/fr\/wp-json\/wp\/v2\/product\/54397"}],"collection":[{"href":"https:\/\/weider.es\/fr\/wp-json\/wp\/v2\/product"}],"about":[{"href":"https:\/\/weider.es\/fr\/wp-json\/wp\/v2\/types\/product"}],"wp:featuredmedia":[{"embeddable":true,"href":"https:\/\/weider.es\/fr\/wp-json\/wp\/v2\/media\/55407"}],"wp:attachment":[{"href":"https:\/\/weider.es\/fr\/wp-json\/wp\/v2\/media?parent=54397"}],"wp:term":[{"taxonomy":"product_cat","embeddable":true,"href":"https:\/\/weider.es\/fr\/wp-json\/wp\/v2\/product_cat?post=54397"},{"taxonomy":"product_tag","embeddable":true,"href":"https:\/\/weider.es\/fr\/wp-json\/wp\/v2\/product_tag?post=54397"}],"curies":[{"name":"wp","href":"https:\/\/api.w.org\/{rel}","templated":true}]}}