{"id":54398,"date":"2024-07-30T10:18:58","date_gmt":"2024-07-30T08:18:58","guid":{"rendered":"https:\/\/weider.es\/product\/l-carnitine-ampollas-limon\/"},"modified":"2024-10-17T10:28:22","modified_gmt":"2024-10-17T08:28:22","slug":"l-carnitine-ampollas-limon","status":"publish","type":"product","link":"https:\/\/weider.es\/fr\/produit\/l-carnitine-ampollas-limon\/","title":{"rendered":"L-Carnitine Citron Ampoules"},"content":{"rendered":"<p>1800 mg de L-Carnitine par ampoule.<\/p>\n<p>Favorise la combustion des graisses<\/p>\n<p>L-CARNITINE LIQUIDE am\u00e9liore la mobilisation des acides gras pendant l'entra\u00eenement.<\/p>\n<p>Qu'est-ce que la L-Carnitine ?<\/p>\n<p>C'est la mol\u00e9cule responsable du transport des acides gras dans les mitochondries, o\u00f9 les graisses peuvent \u00eatre utilis\u00e9es comme source d'\u00e9nergie ; on pourrait dire qu'elles sont les \"chaudi\u00e8res\" de l'organisme. Sans L-carnitine, ce processus serait limit\u00e9.<\/p>\n<p>Il peut \u00eatre pris avant l'exercice pour une efficacit\u00e9 maximale de combustion des graisses.<\/p>\n<p>Si nous effectuons des s\u00e9ances d'entra\u00eenement tr\u00e8s intenses, il nous aidera \u00e9galement \u00e0 r\u00e9cup\u00e9rer et donc \u00e0 atteindre nos objectifs.<\/p>","protected":false},"excerpt":{"rendered":"<p>1800 mg de L-carnitine par ampoule. Favorise la combustion des graisses<\/p>","protected":false},"featured_media":55105,"template":"","meta":{"inline_featured_image":false},"product_cat":[4785],"product_tag":[],"acf":[],"_links":{"self":[{"href":"https:\/\/weider.es\/fr\/wp-json\/wp\/v2\/product\/54398"}],"collection":[{"href":"https:\/\/weider.es\/fr\/wp-json\/wp\/v2\/product"}],"about":[{"href":"https:\/\/weider.es\/fr\/wp-json\/wp\/v2\/types\/product"}],"wp:featuredmedia":[{"embeddable":true,"href":"https:\/\/weider.es\/fr\/wp-json\/wp\/v2\/media\/55105"}],"wp:attachment":[{"href":"https:\/\/weider.es\/fr\/wp-json\/wp\/v2\/media?parent=54398"}],"wp:term":[{"taxonomy":"product_cat","embeddable":true,"href":"https:\/\/weider.es\/fr\/wp-json\/wp\/v2\/product_cat?post=54398"},{"taxonomy":"product_tag","embeddable":true,"href":"https:\/\/weider.es\/fr\/wp-json\/wp\/v2\/product_tag?post=54398"}],"curies":[{"name":"wp","href":"https:\/\/api.w.org\/{rel}","templated":true}]}}