{"id":54399,"date":"2024-07-30T10:18:58","date_gmt":"2024-07-30T08:18:58","guid":{"rendered":"https:\/\/weider.es\/product\/l-carnitine-caps\/"},"modified":"2024-10-17T10:28:22","modified_gmt":"2024-10-17T08:28:22","slug":"l-carnitine-caps","status":"publish","type":"product","link":"https:\/\/weider.es\/fr\/produit\/l-carnitine-caps\/","title":{"rendered":"L-Carnitine Caps"},"content":{"rendered":"<p>La L-carnitine est un acide amin\u00e9 qui transporte les acides gras vers les mitochondries pour l'oxydation et la production d'\u00e9nergie. Il en existe deux types, la L-carnitine et la D-carnitine, la premi\u00e8re \u00e9tant celle qui est biologiquement efficace. Bien que l'organisme puisse synth\u00e9tiser la L-carnitine et l'obtenir \u00e0 partir d'aliments d'origine animale, ces quantit\u00e9s sont insuffisantes pour mobiliser les graisses, c'est pourquoi une suppl\u00e9mentation est recommand\u00e9e.<\/p>\n<p>Pour de meilleurs r\u00e9sultats, il est conseill\u00e9 d'associer L-CARNITINE CAPS \u00e0 des exercices d'a\u00e9robic, augmentant la demande d'\u00e9nergie et la mobilisation des graisses. Chaque dose de deux g\u00e9lules apporte 1000 mg de L-Carnitine (100% Carnipure), avec la possibilit\u00e9 de prendre trois g\u00e9lules pour un effet plus puissant.<\/p>\n<p>La nouvelle formule comprend un extrait de poivre noir pour am\u00e9liorer la biodisponibilit\u00e9 et a un effet thermog\u00e9nique qui augmente la d\u00e9pense \u00e9nerg\u00e9tique basale. En outre, les g\u00e9lules sont v\u00e9g\u00e9tariennes, ce qui est id\u00e9al pour ceux qui souhaitent \u00e9viter les produits d'origine animale.<\/p>","protected":false},"excerpt":{"rendered":"<p>Nouvelle formule renforc\u00e9e<br \/>\nAvec de l'extrait de poivre noir<br \/>\nCapsules v\u00e9g\u00e9tales<\/p>","protected":false},"featured_media":53533,"template":"","meta":{"inline_featured_image":false},"product_cat":[4785],"product_tag":[],"acf":[],"_links":{"self":[{"href":"https:\/\/weider.es\/fr\/wp-json\/wp\/v2\/product\/54399"}],"collection":[{"href":"https:\/\/weider.es\/fr\/wp-json\/wp\/v2\/product"}],"about":[{"href":"https:\/\/weider.es\/fr\/wp-json\/wp\/v2\/types\/product"}],"wp:featuredmedia":[{"embeddable":true,"href":"https:\/\/weider.es\/fr\/wp-json\/wp\/v2\/media\/53533"}],"wp:attachment":[{"href":"https:\/\/weider.es\/fr\/wp-json\/wp\/v2\/media?parent=54399"}],"wp:term":[{"taxonomy":"product_cat","embeddable":true,"href":"https:\/\/weider.es\/fr\/wp-json\/wp\/v2\/product_cat?post=54399"},{"taxonomy":"product_tag","embeddable":true,"href":"https:\/\/weider.es\/fr\/wp-json\/wp\/v2\/product_tag?post=54399"}],"curies":[{"name":"wp","href":"https:\/\/api.w.org\/{rel}","templated":true}]}}