{"id":54400,"date":"2024-07-30T10:18:58","date_gmt":"2024-07-30T08:18:58","guid":{"rendered":"https:\/\/weider.es\/product\/l-carnitine-masticable-pina\/"},"modified":"2024-10-17T10:28:23","modified_gmt":"2024-10-17T08:28:23","slug":"l-carnitine-masticable-pina","status":"publish","type":"product","link":"https:\/\/weider.es\/fr\/produit\/l-carnitine-masticable-pina\/","title":{"rendered":"L-Carnitine Ananas \u00e0 croquer"},"content":{"rendered":"<p>La L-carnitine transporte les acides gras stock\u00e9s dans les d\u00e9p\u00f4ts de graisse vers les mitochondries, o\u00f9 ils sont oxyd\u00e9s pour produire de l'\u00e9nergie. Seule la L-carnitine est biologiquement efficace. Bien que l'organisme puisse la synth\u00e9tiser et l'obtenir \u00e0 partir d'aliments d'origine animale, ces quantit\u00e9s sont insuffisantes pour mobiliser les graisses, d'o\u00f9 la n\u00e9cessit\u00e9 d'une suppl\u00e9mentation.<\/p>\n<p>Pour de meilleurs r\u00e9sultats, il est recommand\u00e9 de combiner la prise de L-CARNITINE TABLETS avec des exercices d'a\u00e9robic, augmentant ainsi la demande d'\u00e9nergie et la mobilisation des graisses. Chaque g\u00e9lule de L-CARNITINE TABLETS contient 300 mg de L-Carnitine (100% Carnipure) et est formul\u00e9e avec des ingr\u00e9dients de haute qualit\u00e9 pour prendre soin de votre sant\u00e9 et vous aider \u00e0 atteindre rapidement vos objectifs.<\/p>","protected":false},"excerpt":{"rendered":"<p>100% Carnipure<br \/>\nFavorise l'\u00e9limination des graisses<br \/>\nVous aide \u00e0 obtenir les r\u00e9sultats que vous souhaitez<\/p>","protected":false},"featured_media":0,"template":"","meta":{"inline_featured_image":false},"product_cat":[4785],"product_tag":[],"acf":[],"_links":{"self":[{"href":"https:\/\/weider.es\/fr\/wp-json\/wp\/v2\/product\/54400"}],"collection":[{"href":"https:\/\/weider.es\/fr\/wp-json\/wp\/v2\/product"}],"about":[{"href":"https:\/\/weider.es\/fr\/wp-json\/wp\/v2\/types\/product"}],"wp:attachment":[{"href":"https:\/\/weider.es\/fr\/wp-json\/wp\/v2\/media?parent=54400"}],"wp:term":[{"taxonomy":"product_cat","embeddable":true,"href":"https:\/\/weider.es\/fr\/wp-json\/wp\/v2\/product_cat?post=54400"},{"taxonomy":"product_tag","embeddable":true,"href":"https:\/\/weider.es\/fr\/wp-json\/wp\/v2\/product_tag?post=54400"}],"curies":[{"name":"wp","href":"https:\/\/api.w.org\/{rel}","templated":true}]}}