{"id":54401,"date":"2024-07-30T10:18:58","date_gmt":"2024-07-30T08:18:58","guid":{"rendered":"https:\/\/weider.es\/product\/lpc-protector-hepatico\/"},"modified":"2025-02-13T14:40:34","modified_gmt":"2025-02-13T13:40:34","slug":"liver-d-tox-complex","status":"publish","type":"product","link":"https:\/\/weider.es\/fr\/produit\/lpc-protector-hepatico\/","title":{"rendered":"Liver D-Tox Complex"},"content":{"rendered":"<p>Liver D-Tox Complex de Weider es un\u00a0<b>potente protector hep\u00e1tico<\/b>\u00a0formulado con\u00a0<b>Cardo Mariano, Diente de Le\u00f3n, Alcachofa y Vitamina B6<\/b>, ingredientes clave para favorecer la\u00a0<b>detoxificaci\u00f3n del h\u00edgado, mejorar la digesti\u00f3n y potenciar la energ\u00eda y el bienestar general<\/b>. Su combinaci\u00f3n de extractos naturales ayuda a combatir los efectos del estr\u00e9s, la contaminaci\u00f3n y una dieta alta en prote\u00ednas, apoyando la funci\u00f3n hep\u00e1tica y el tr\u00e1nsito intestinal. \u00a1Cuida tu h\u00edgado y mejora tu vitalidad con la mejor f\u00f3rmula detox!<\/p>","protected":false},"excerpt":{"rendered":"<p>Favorise le processus de d\u00e9sintoxication de l'organisme<br \/>\nApporte \u00e9nergie et vitalit\u00e9, maintient le bien-\u00eatre g\u00e9n\u00e9ral.<br \/>\nContribue \u00e0 am\u00e9liorer le transit intestinal<\/p>","protected":false},"featured_media":55596,"template":"","meta":{"inline_featured_image":false},"product_cat":[4845],"product_tag":[],"acf":[],"_links":{"self":[{"href":"https:\/\/weider.es\/fr\/wp-json\/wp\/v2\/product\/54401"}],"collection":[{"href":"https:\/\/weider.es\/fr\/wp-json\/wp\/v2\/product"}],"about":[{"href":"https:\/\/weider.es\/fr\/wp-json\/wp\/v2\/types\/product"}],"wp:featuredmedia":[{"embeddable":true,"href":"https:\/\/weider.es\/fr\/wp-json\/wp\/v2\/media\/55596"}],"wp:attachment":[{"href":"https:\/\/weider.es\/fr\/wp-json\/wp\/v2\/media?parent=54401"}],"wp:term":[{"taxonomy":"product_cat","embeddable":true,"href":"https:\/\/weider.es\/fr\/wp-json\/wp\/v2\/product_cat?post=54401"},{"taxonomy":"product_tag","embeddable":true,"href":"https:\/\/weider.es\/fr\/wp-json\/wp\/v2\/product_tag?post=54401"}],"curies":[{"name":"wp","href":"https:\/\/api.w.org\/{rel}","templated":true}]}}