{"id":54402,"date":"2024-07-30T10:18:58","date_gmt":"2024-07-30T08:18:58","guid":{"rendered":"https:\/\/weider.es\/product\/thermo-caps\/"},"modified":"2024-10-17T10:28:24","modified_gmt":"2024-10-17T08:28:24","slug":"thermo-caps","status":"publish","type":"product","link":"https:\/\/weider.es\/fr\/produit\/bouchons-thermo\/","title":{"rendered":"Bouchons thermo"},"content":{"rendered":"<p>THERMO CAPS a \u00e9t\u00e9 con\u00e7u avec la meilleure combinaison d'ingr\u00e9dients pour optimiser vos r\u00e9sultats. En plus de ses propri\u00e9t\u00e9s thermog\u00e9niques et br\u00fble-graisses, il est tr\u00e8s efficace pendant les p\u00e9riodes de r\u00e9gime car il aide \u00e0 contr\u00f4ler l'app\u00e9tit et l'anxi\u00e9t\u00e9.<\/p>\n<p>Sa formule combine :<\/p>\n<p>- L-Carnitine : c'est la mol\u00e9cule responsable du transport des acides gras dans les mitochondries, o\u00f9 les graisses peuvent \u00eatre utilis\u00e9es comme source d'\u00e9nergie, on pourrait dire qu'elles sont les \"chaudi\u00e8res\" de l'organisme. En outre, si nous effectuons des s\u00e9ances d'entra\u00eenement tr\u00e8s intenses, elle nous aidera \u00e9galement \u00e0 r\u00e9cup\u00e9rer, ce qui nous permettra d'atteindre nos objectifs.<\/p>\n<p>- La caf\u00e9ine : elle provient des diff\u00e9rents extraits contenus dans la formule, tels que l'extrait de th\u00e9 vert, l'extrait de guarana et l'extrait de mat\u00e9. Elle a un effet stimulant qui augmente la concentration, la r\u00e9activit\u00e9 et la thermogen\u00e8se, ce qui retarde \u00e9galement la fatigue. Cela signifie que nous pouvons nous entra\u00eener plus dur, durer plus longtemps, br\u00fbler plus de calories et br\u00fbler plus de graisses.<br \/>\n- KFS (extrait de curcuma) : C'est un pr\u00e9curseur de substances qui aident \u00e0 r\u00e9duire la sensation de faim en augmentant la sati\u00e9t\u00e9. Des \u00e9tudes scientifiques ont montr\u00e9 que des personnes suppl\u00e9ment\u00e9es en KFS r\u00e9duisaient les fringales lors de r\u00e9gimes hypocaloriques.<br \/>\n- Cayenne : augmente les propri\u00e9t\u00e9s thermog\u00e9niques. - Niacine (Vitamine B3) : agit comme cofacteur des coenzymes impliqu\u00e9s dans de nombreuses r\u00e9actions li\u00e9es au m\u00e9tabolisme \u00e9nerg\u00e9tique : notamment le glucose (dans la glycolyse), les graisses et l'alcool.<br \/>\n- Chrome : c'est un activateur de l'insuline, ce qui permet de r\u00e9guler et d'am\u00e9liorer l'utilisation du glucose. Il contribue \u00e9galement au transport d'autres nutriments tels que les acides amin\u00e9s dans les cellules.<\/p>\n<p>Ce superbe m\u00e9lange d'ingr\u00e9dients fait de Thermo Caps un produit id\u00e9al pour les r\u00e9gimes, car il optimise les r\u00e9sultats des r\u00e9gimes en augmentant la combustion des calories et en r\u00e9duisant l'app\u00e9tit.<\/p>","protected":false},"excerpt":{"rendered":"<p>Formule thermog\u00e9nique puissante avec caf\u00e9ine Diminue l'app\u00e9tit<\/p>","protected":false},"featured_media":53537,"template":"","meta":{"inline_featured_image":false},"product_cat":[4785,4781],"product_tag":[],"acf":[],"_links":{"self":[{"href":"https:\/\/weider.es\/fr\/wp-json\/wp\/v2\/product\/54402"}],"collection":[{"href":"https:\/\/weider.es\/fr\/wp-json\/wp\/v2\/product"}],"about":[{"href":"https:\/\/weider.es\/fr\/wp-json\/wp\/v2\/types\/product"}],"wp:featuredmedia":[{"embeddable":true,"href":"https:\/\/weider.es\/fr\/wp-json\/wp\/v2\/media\/53537"}],"wp:attachment":[{"href":"https:\/\/weider.es\/fr\/wp-json\/wp\/v2\/media?parent=54402"}],"wp:term":[{"taxonomy":"product_cat","embeddable":true,"href":"https:\/\/weider.es\/fr\/wp-json\/wp\/v2\/product_cat?post=54402"},{"taxonomy":"product_tag","embeddable":true,"href":"https:\/\/weider.es\/fr\/wp-json\/wp\/v2\/product_tag?post=54402"}],"curies":[{"name":"wp","href":"https:\/\/api.w.org\/{rel}","templated":true}]}}