{"id":54403,"date":"2024-07-30T10:18:58","date_gmt":"2024-07-30T08:18:58","guid":{"rendered":"https:\/\/weider.es\/product\/fat-burner-costco\/"},"modified":"2025-07-21T14:23:24","modified_gmt":"2025-07-21T12:23:24","slug":"fat-burner-costco","status":"publish","type":"product","link":"https:\/\/weider.es\/fr\/produit\/fat-burner-costco\/","title":{"rendered":"Br\u00fbleur de graisse COSTCO"},"content":{"rendered":"<div>\n<div>CARACT\u00c9RISTIQUES DU PRODUIT : Plan de perte de poids de 15 jours : Solution efficace pour vous aider \u00e0 atteindre vos objectifs de perte de poids, dans le cadre de votre r\u00e9gime alimentaire et en le compl\u00e9tant par une activit\u00e9 physique. Favorise la combustion des calories et vous aide \u00e0 retrouver votre silhouette. CARACT\u00c9RISTIQUES SP\u00c9CIALES :<\/div>\n<div>- Th\u00e9 vert : contient de nombreux compos\u00e9s, notamment des polyph\u00e9nols et des cat\u00e9chines, qui lui conf\u00e8rent un puissant pouvoir antioxydant. Une cat\u00e9chine en particulier, l'EGCG, a d\u00e9montr\u00e9 un pouvoir antioxydant extraordinaire dans des \u00e9tudes de laboratoire. Dans des \u00e9tudes non cliniques, l'EGCG s'est \u00e9galement r\u00e9v\u00e9l\u00e9 efficace contre les agressions chimiques et environnementales subies par les tissus, tout en contribuant au maintien de la sant\u00e9 cellulaire.<\/div>\n<div>- Chrome : micronutriment essentiel qui travaille avec l'insuline pour favoriser des niveaux de glucose optimaux et joue un r\u00f4le important dans l'utilisation correcte des prot\u00e9ines, des glucides et des graisses.<\/div>\n<div>- Cayenne : Des \u00e9tudes ont montr\u00e9 que la consommation de cayenne am\u00e9liore la sant\u00e9 cardiovasculaire et peut \u00e9galement stimuler une fonction digestive saine.<\/div>\n<div>- Cannelle : am\u00e9liore la r\u00e9ponse \u00e0 l'insuline et maintient une glyc\u00e9mie optimale.<\/div>\n<div>- Moutarde : Avec un effet thermog\u00e9nique, elle augmente le m\u00e9tabolisme de base et la consommation d'\u00e9nergie quotidienne.<\/div>\n<div>- Pamplemousse : contient de la vitamine C (antioxydant) et de la pectine (fibre). Ils r\u00e9duisent le taux de cholest\u00e9rol et ont des propri\u00e9t\u00e9s antioxydantes.<\/div>\n<div>- L-Carnitine : Mobilise les acides gras, favorisant la r\u00e9duction de la graisse corporelle. Am\u00e9liore la sant\u00e9 cardiovasculaire et stimule la fonction digestive. Elle semble acc\u00e9l\u00e9rer la combustion des acides gras, ce qui entra\u00eene une perte de graisse.<\/div>\n<\/div>","protected":false},"excerpt":{"rendered":"<p>Mangez 5 repas par jour pour favoriser la combustion des calories et augmenter le m\u00e9tabolisme. Buvez 2 litres d'eau par jour. Elle est essentielle \u00e0 une bonne hydratation et au bon fonctionnement de l'organisme. Soyez actif et pratiquez une activit\u00e9 physique r\u00e9guli\u00e8re.<\/p>","protected":false},"featured_media":53540,"template":"","meta":{"inline_featured_image":false},"product_cat":[4785,4781],"product_tag":[],"acf":[],"_links":{"self":[{"href":"https:\/\/weider.es\/fr\/wp-json\/wp\/v2\/product\/54403"}],"collection":[{"href":"https:\/\/weider.es\/fr\/wp-json\/wp\/v2\/product"}],"about":[{"href":"https:\/\/weider.es\/fr\/wp-json\/wp\/v2\/types\/product"}],"wp:featuredmedia":[{"embeddable":true,"href":"https:\/\/weider.es\/fr\/wp-json\/wp\/v2\/media\/53540"}],"wp:attachment":[{"href":"https:\/\/weider.es\/fr\/wp-json\/wp\/v2\/media?parent=54403"}],"wp:term":[{"taxonomy":"product_cat","embeddable":true,"href":"https:\/\/weider.es\/fr\/wp-json\/wp\/v2\/product_cat?post=54403"},{"taxonomy":"product_tag","embeddable":true,"href":"https:\/\/weider.es\/fr\/wp-json\/wp\/v2\/product_tag?post=54403"}],"curies":[{"name":"wp","href":"https:\/\/api.w.org\/{rel}","templated":true}]}}