{"id":54404,"date":"2024-07-30T10:18:58","date_gmt":"2024-07-30T08:18:58","guid":{"rendered":"https:\/\/weider.es\/product\/pack-duo-fat-burner-2x120-caps\/"},"modified":"2024-10-17T10:28:26","modified_gmt":"2024-10-17T08:28:26","slug":"pack-duo-fat-burner-2x120-caps","status":"publish","type":"product","link":"https:\/\/weider.es\/fr\/produit\/pack-duo-fat-burner-2x120-caps\/","title":{"rendered":"PACK DUO Br\u00fbleur de graisse (2X120 Caps.)"},"content":{"rendered":"<p>Fat Burner est le br\u00fbleur par excellence de la gamme Victory. Maintenant, avec un<br \/>\nune formulation plus active pour vous aider \u00e0 obtenir les r\u00e9sultats que vous souhaitez.<br \/>\net lipotrope ainsi que coupe-faim.<br \/>\nDans sa composition, nous mettons l'accent sur :<br \/>\n- Complexe \u00e0 base de plantes : combinaison d'extraits naturels et d'une substance active.<br \/>\nthermog\u00e9nique. Son effet sur le m\u00e9tabolisme entra\u00eene une augmentation de la d\u00e9pense \u00e9nerg\u00e9tique.<br \/>\nl'apport calorique de base en augmentant les calories consomm\u00e9es par l'organisme au cours de la journ\u00e9e.<br \/>\njour.<br \/>\n- L-Carnitine (100% Carnipure) : Favorise l'utilisation des graisses comme source d'\u00e9nergie.<br \/>\nd'\u00e9nergie, facilitant ainsi la r\u00e9duction des d\u00e9p\u00f4ts de graisse.<br \/>\ncorps.<br \/>\n- Chrome : a un effet r\u00e9gulateur sur les niveaux d'insuline, qui<br \/>\nFat Burner est le compl\u00e9ment id\u00e9al pour les personnes qui suivent des r\u00e9gimes.<br \/>\npour perdre du poids, car il s'agit d'un outil essentiel pour cibler vos efforts.<br \/>\ndans la perte de cette graisse accumul\u00e9e ind\u00e9sirable.<br \/>\nGr\u00e2ce \u00e0 Fat Burner, vous br\u00fblerez plus de calories tout au long de la journ\u00e9e, quelle que soit votre condition physique.<br \/>\nl'activit\u00e9 physique<\/p>","protected":false},"excerpt":{"rendered":"<p>- NOUVELLE FORMULE ! - EFFET THERMOG\u00c9NIQUE MAXIMAL - LE BR\u00dbLEUR LE PLUS EFFICACE !<\/p>","protected":false},"featured_media":0,"template":"","meta":{"inline_featured_image":false},"product_cat":[4785,4781],"product_tag":[],"acf":[],"_links":{"self":[{"href":"https:\/\/weider.es\/fr\/wp-json\/wp\/v2\/product\/54404"}],"collection":[{"href":"https:\/\/weider.es\/fr\/wp-json\/wp\/v2\/product"}],"about":[{"href":"https:\/\/weider.es\/fr\/wp-json\/wp\/v2\/types\/product"}],"wp:attachment":[{"href":"https:\/\/weider.es\/fr\/wp-json\/wp\/v2\/media?parent=54404"}],"wp:term":[{"taxonomy":"product_cat","embeddable":true,"href":"https:\/\/weider.es\/fr\/wp-json\/wp\/v2\/product_cat?post=54404"},{"taxonomy":"product_tag","embeddable":true,"href":"https:\/\/weider.es\/fr\/wp-json\/wp\/v2\/product_tag?post=54404"}],"curies":[{"name":"wp","href":"https:\/\/api.w.org\/{rel}","templated":true}]}}