{"id":54406,"date":"2024-07-30T10:18:58","date_gmt":"2024-07-30T08:18:58","guid":{"rendered":"https:\/\/weider.es\/product\/pack-duo-l-carnitine-1500-2x100-caps\/"},"modified":"2024-10-17T10:28:26","modified_gmt":"2024-10-17T08:28:26","slug":"pack-duo-l-carnitine-1500-2x100-caps","status":"publish","type":"product","link":"https:\/\/weider.es\/fr\/produit\/pack-duo-l-carnitine-1500-2x100-caps\/","title":{"rendered":"PACK DUO L-Carnitine 1500 (2\u00d7100 Caps.)"},"content":{"rendered":"<div>\n<div>La L-carnitine est l'acide amin\u00e9 responsable du transport des acides gras accumul\u00e9s dans les r\u00e9serves de graisse vers les mitochondries, o\u00f9 ils sont oxyd\u00e9s pour produire de l'\u00e9nergie. Il existe deux types de carnitine, la L-carnitine et la D-carnitine, mais seule la premi\u00e8re est biologiquement efficace. L'organisme peut synth\u00e9tiser la L-carnitine et l'obtenir \u00e0 partir d'aliments d'origine animale, mais les quantit\u00e9s obtenues par ces deux voies sont insuffisantes pour favoriser la mobilisation des graisses, d'o\u00f9 la n\u00e9cessit\u00e9 d'une suppl\u00e9mentation.<\/div>\n<div>Pour de meilleurs r\u00e9sultats, il est conseill\u00e9 de combiner la prise de L-Carnitine 1500 avec des exercices d'a\u00e9robic, car une augmentation de la demande \u00e9nerg\u00e9tique du corps favorise la mobilisation des graisses pour l'\u00e9nergie. L-Carnitine 1500 a \u00e9t\u00e9 formul\u00e9 avec des ingr\u00e9dients de premi\u00e8re qualit\u00e9 pour prendre soin de votre sant\u00e9 et vous aider \u00e0 atteindre vos objectifs le plus rapidement possible.<\/div>\n<\/div>","protected":false},"excerpt":{"rendered":"<p>100% CARNIPURE - FAVORISE L'\u00c9LIMINATION DES GRAISSES - OBTENIR LES R\u00c9SULTATS SOUHAIT\u00c9S<\/p>","protected":false},"featured_media":0,"template":"","meta":{"inline_featured_image":false},"product_cat":[4785],"product_tag":[],"acf":[],"_links":{"self":[{"href":"https:\/\/weider.es\/fr\/wp-json\/wp\/v2\/product\/54406"}],"collection":[{"href":"https:\/\/weider.es\/fr\/wp-json\/wp\/v2\/product"}],"about":[{"href":"https:\/\/weider.es\/fr\/wp-json\/wp\/v2\/types\/product"}],"wp:attachment":[{"href":"https:\/\/weider.es\/fr\/wp-json\/wp\/v2\/media?parent=54406"}],"wp:term":[{"taxonomy":"product_cat","embeddable":true,"href":"https:\/\/weider.es\/fr\/wp-json\/wp\/v2\/product_cat?post=54406"},{"taxonomy":"product_tag","embeddable":true,"href":"https:\/\/weider.es\/fr\/wp-json\/wp\/v2\/product_tag?post=54406"}],"curies":[{"name":"wp","href":"https:\/\/api.w.org\/{rel}","templated":true}]}}