{"id":54408,"date":"2024-07-30T10:18:58","date_gmt":"2024-07-30T08:18:58","guid":{"rendered":"https:\/\/weider.es\/product\/gourmet-rice-flour-harina-de-arroz-chocolate\/"},"modified":"2024-10-17T10:28:27","modified_gmt":"2024-10-17T08:28:27","slug":"gourmet-rice-flour-harina-de-arroz-chocolate","status":"publish","type":"product","link":"https:\/\/weider.es\/fr\/produit\/gourmet-rice-flour-harina-de-arroz-chocolate\/","title":{"rendered":"Gourmet Rice Flour (farine de riz) Chocolat"},"content":{"rendered":"<p>Le riz est un aliment de base consomm\u00e9 dans le monde entier pour sa teneur \u00e9lev\u00e9e en glucides et en prot\u00e9ines. Il fournit de l'\u00e9nergie et favorise la sati\u00e9t\u00e9 gr\u00e2ce \u00e0 ses fibres.<\/p>\n<p>La farine de riz Gourmet transforme le riz en un produit nutritif au d\u00e9licieux go\u00fbt de chocolat, exempt de sucres et de graisses, et adapt\u00e9 aux v\u00e9g\u00e9taliens. Cette farine, riche en cacao et sucr\u00e9e \u00e0 la st\u00e9via, est une option d\u00e9licieuse et saine, facile \u00e0 pr\u00e9parer dans une vari\u00e9t\u00e9 de recettes telles que le petit-d\u00e9jeuner, la p\u00e2tisserie et les smoothies.<\/p>","protected":false},"excerpt":{"rendered":"<p>\u2013 Sin az\u00facares ni grasas<br \/>\n\u2013 Fuente de fibra<br \/>\n\u2013 Vegana<\/p>","protected":false},"featured_media":53546,"template":"","meta":{"inline_featured_image":false},"product_cat":[4797,4781],"product_tag":[],"acf":[],"_links":{"self":[{"href":"https:\/\/weider.es\/fr\/wp-json\/wp\/v2\/product\/54408"}],"collection":[{"href":"https:\/\/weider.es\/fr\/wp-json\/wp\/v2\/product"}],"about":[{"href":"https:\/\/weider.es\/fr\/wp-json\/wp\/v2\/types\/product"}],"wp:featuredmedia":[{"embeddable":true,"href":"https:\/\/weider.es\/fr\/wp-json\/wp\/v2\/media\/53546"}],"wp:attachment":[{"href":"https:\/\/weider.es\/fr\/wp-json\/wp\/v2\/media?parent=54408"}],"wp:term":[{"taxonomy":"product_cat","embeddable":true,"href":"https:\/\/weider.es\/fr\/wp-json\/wp\/v2\/product_cat?post=54408"},{"taxonomy":"product_tag","embeddable":true,"href":"https:\/\/weider.es\/fr\/wp-json\/wp\/v2\/product_tag?post=54408"}],"curies":[{"name":"wp","href":"https:\/\/api.w.org\/{rel}","templated":true}]}}