{"id":54409,"date":"2024-07-30T10:18:58","date_gmt":"2024-07-30T08:18:58","guid":{"rendered":"https:\/\/weider.es\/product\/energy-boost-gel-naranja\/"},"modified":"2025-04-01T10:29:55","modified_gmt":"2025-04-01T08:29:55","slug":"energy-boost-gel-naranja","status":"publish","type":"product","link":"https:\/\/weider.es\/fr\/produit\/energy-boost-gel-naranja\/","title":{"rendered":"Gel Energy Boost Orange"},"content":{"rendered":"<p>Combinaison id\u00e9ale sous forme de gel avec des hydrates de carbone complexes<br \/>\net des glucides simples, des acides amin\u00e9s, des \u00e9lectrolytes et des vitamines pour fournir<br \/>\nl'\u00e9nergie pendant l'exercice. R\u00e9duit les crampes musculaires dues \u00e0<br \/>\nla reconstitution imm\u00e9diate des \u00e9lectrolytes perdus pendant l'exercice.<br \/>\nPr\u00e9sent\u00e9 dans un emballage ergonomique con\u00e7u pour une utilisation parfaite.<br \/>\nle transport et l'utilisation de l'athl\u00e8te.<\/p>","protected":false},"excerpt":{"rendered":"<p>Formule avanc\u00e9e pour fournir de l'\u00e9nergie pendant l'exercice<br \/>\nEmballage ergonomique<br \/>\nForce-R\u00e9cup\u00e9ration-D\u00e9sintoxication<\/p>","protected":false},"featured_media":55690,"template":"","meta":{"inline_featured_image":false},"product_cat":[4782],"product_tag":[],"acf":[],"_links":{"self":[{"href":"https:\/\/weider.es\/fr\/wp-json\/wp\/v2\/product\/54409"}],"collection":[{"href":"https:\/\/weider.es\/fr\/wp-json\/wp\/v2\/product"}],"about":[{"href":"https:\/\/weider.es\/fr\/wp-json\/wp\/v2\/types\/product"}],"wp:featuredmedia":[{"embeddable":true,"href":"https:\/\/weider.es\/fr\/wp-json\/wp\/v2\/media\/55690"}],"wp:attachment":[{"href":"https:\/\/weider.es\/fr\/wp-json\/wp\/v2\/media?parent=54409"}],"wp:term":[{"taxonomy":"product_cat","embeddable":true,"href":"https:\/\/weider.es\/fr\/wp-json\/wp\/v2\/product_cat?post=54409"},{"taxonomy":"product_tag","embeddable":true,"href":"https:\/\/weider.es\/fr\/wp-json\/wp\/v2\/product_tag?post=54409"}],"curies":[{"name":"wp","href":"https:\/\/api.w.org\/{rel}","templated":true}]}}