{"id":54410,"date":"2024-07-30T10:18:58","date_gmt":"2024-07-30T08:18:58","guid":{"rendered":"https:\/\/weider.es\/product\/magnesium-gel-plus-tropical\/"},"modified":"2024-10-17T10:28:28","modified_gmt":"2024-10-17T08:28:28","slug":"magnesium-gel-plus-tropical","status":"publish","type":"product","link":"https:\/\/weider.es\/fr\/produit\/magnesium-gel-plus-tropical\/","title":{"rendered":"Gel de Magn\u00e9sium Plus Tropical"},"content":{"rendered":"<p>Victory Endurance a d\u00e9velopp\u00e9 ce produit innovant,<br \/>\nMAGNESIUM PLUS GEL, \u00e0 base de magn\u00e9sium sous forme de gel, qui est<br \/>\nqui vous permettra de boire rapidement et facilement pendant l'exercice.<br \/>\nce min\u00e9ral important.<br \/>\nNon seulement il apporte du magn\u00e9sium, mais il est \u00e9galement associ\u00e9 \u00e0 une dose de<br \/>\nune quantit\u00e9 suffisante de potassium pour augmenter son efficacit\u00e9. Recommandations<br \/>\npour tous les types d'athl\u00e8tes, en particulier pour les athl\u00e8tes de longue distance, puisqu'il<br \/>\nles niveaux de magn\u00e9sium dans ces derniers peuvent diminuer en raison de la grande quantit\u00e9 de magn\u00e9sium.<br \/>\nl'usure physique requise par ces disciplines.<br \/>\nQuels sont les ingr\u00e9dients et comment agissent-ils ?<br \/>\n\u2013 Magnesio (Mg): Es fundamental para la funci\u00f3n muscular.<br \/>\nIl participe, avec le calcium, aux m\u00e9canismes de<br \/>\ncontraction\/relaxation (le calcium les favorise et le magn\u00e9sium les favorise).<br \/>\nles inhibe). Selon l'EFSA, ce min\u00e9ral est essentiel pour<br \/>\nde nombreuses fonctions : il est notamment li\u00e9 \u00e0 la<br \/>\nles processus de transmission neuromusculaire (fonctionnement normal)<br \/>\ndu syst\u00e8me nerveux et de la fonction psychologique), l'\u00e9quilibre<br \/>\nl'\u00e9lectrolyte, la lib\u00e9ration d'\u00e9nergie (m\u00e9tabolisme \u00e9nerg\u00e9tique)<br \/>\nnormal) et contribue \u00e0 r\u00e9duire la fatigue et l'\u00e9puisement.<br \/>\nIl contribue \u00e9galement \u00e0 une fonction musculaire normale,<br \/>\nla synth\u00e8se des prot\u00e9ines, le processus de division cellulaire, etc. \u00c0<br \/>\nles athl\u00e8tes l'usure physique caus\u00e9e par l'exercice<br \/>\npeut entra\u00eener des crampes musculaires, qui peuvent \u00eatre caus\u00e9es par des efforts intenses.<br \/>\npeut augmenter avec la perte de potassium et du reste de l'organisme.<br \/>\nles sels min\u00e9raux (\u00e9lectrolytes).<br \/>\n\u2013 Potasio (K): es un electrolito intramuscular que interviene<br \/>\nl'\u00e9quilibre acido-basique, la contraction musculaire<br \/>\n(fonction musculaire normale) et l'activit\u00e9 des muscles.<br \/>\nneuromusculaire (fonctionnement normal du syst\u00e8me nerveux).<\/p>","protected":false},"excerpt":{"rendered":"<p>Le magn\u00e9sium (Mg) retarde l'apparition des crampes musculaires.<br \/>\nContribue \u00e0 l'\u00e9quilibre \u00e9lectrolytique.<\/p>","protected":false},"featured_media":53552,"template":"","meta":{"inline_featured_image":false},"product_cat":[4782],"product_tag":[],"acf":[],"_links":{"self":[{"href":"https:\/\/weider.es\/fr\/wp-json\/wp\/v2\/product\/54410"}],"collection":[{"href":"https:\/\/weider.es\/fr\/wp-json\/wp\/v2\/product"}],"about":[{"href":"https:\/\/weider.es\/fr\/wp-json\/wp\/v2\/types\/product"}],"wp:featuredmedia":[{"embeddable":true,"href":"https:\/\/weider.es\/fr\/wp-json\/wp\/v2\/media\/53552"}],"wp:attachment":[{"href":"https:\/\/weider.es\/fr\/wp-json\/wp\/v2\/media?parent=54410"}],"wp:term":[{"taxonomy":"product_cat","embeddable":true,"href":"https:\/\/weider.es\/fr\/wp-json\/wp\/v2\/product_cat?post=54410"},{"taxonomy":"product_tag","embeddable":true,"href":"https:\/\/weider.es\/fr\/wp-json\/wp\/v2\/product_tag?post=54410"}],"curies":[{"name":"wp","href":"https:\/\/api.w.org\/{rel}","templated":true}]}}