{"id":54411,"date":"2024-07-30T10:18:58","date_gmt":"2024-07-30T08:18:58","guid":{"rendered":"https:\/\/weider.es\/product\/maltodextrina-neutral\/"},"modified":"2024-10-17T10:28:28","modified_gmt":"2024-10-17T08:28:28","slug":"maltodextrina-neutral","status":"publish","type":"product","link":"https:\/\/weider.es\/fr\/produit\/maltodextrina-neutral\/","title":{"rendered":"Maltodextrine Neutre"},"content":{"rendered":"<p>Notre nouveau produit, la maltodextrine pure, est fabriqu\u00e9 uniquement \u00e0 partir de<br \/>\nMaltodextrine (100% Maltodextrine, issue de l'hydrolyse du ma\u00efs). La maltodextrine<br \/>\nLa maltodextrine est un hydrate de carbone constitu\u00e9 de cha\u00eenes de glucose,<br \/>\nle principal substrat \u00e9nerg\u00e9tique qui contribue \u00e0 la fibre musculaire lors de l'exercice physique.<br \/>\nIl s'agit d'un glucide tr\u00e8s populaire dans le monde du sport, connu pour son<br \/>\nla rapidit\u00e9 d'action.<br \/>\nLorsque nous faisons de l'exercice, le taux de glucose dans le sang diminue et les ph\u00e9nom\u00e8nes suivants se produisent<br \/>\nla d\u00e9gradation cons\u00e9quente du glycog\u00e8ne en glucose pour couvrir les besoins de l'organisme.<br \/>\nd'\u00e9nergie pendant cette p\u00e9riode. Pour contrer ce ph\u00e9nom\u00e8ne et maintenir la glyc\u00e9mie et les niveaux d'\u00e9nergie pendant cette p\u00e9riode.<br \/>\nl'\u00e9nergie ad\u00e9quate lors d'un exercice de longue dur\u00e9e, nous devons ing\u00e9rer des produits<br \/>\nD'o\u00f9 notre nouveau lancement !<br \/>\nLa maltodextrine a un niveau glyc\u00e9mique \u00e9lev\u00e9, ce qui permet de reconstituer les r\u00e9serves d'\u00e9nergie.<br \/>\nbesoins \u00e9nerg\u00e9tiques et, surtout, de pr\u00e9venir l'apparition de la fatigue.<br \/>\nUn autre avantage de la maltodextrine est son osmolarit\u00e9. L'osmolarit\u00e9<br \/>\ninfluence la vitesse de vidange gastrique de l'organisme, ce qui permet \u00e0 l'organisme de<br \/>\npassage des nutriments de l'estomac \u00e0 l'intestin o\u00f9 ils sont absorb\u00e9s. Il existe un<br \/>\nLa relation entre le poids mol\u00e9culaire des hydrates de carbone et leur osmolarit\u00e9 est \u00e9norme. Le poids mol\u00e9culaire des hydrates de carbone et leur osmolarit\u00e9 sont \u00e9troitement li\u00e9s.<br \/>\nLa maltodextrine a un poids mol\u00e9culaire plus \u00e9lev\u00e9 que les autres hydrates de carbone (par exemple, la maltodextrine).<br \/>\nglucose et fructose), ont un temps de transit plus rapide et sont donc disponibles plus t\u00f4t.<br \/>\nsont absorb\u00e9s \u00e0 un rythme plus \u00e9lev\u00e9. Cela se traduit par la lib\u00e9ration de glucose.<br \/>\nrapidement dans la circulation sanguine comme source d'\u00e9nergie.<\/p>","protected":false},"excerpt":{"rendered":"<p>- Source de glucides : 100% Maltodextrine<br \/>\n- Z\u00e9ro graisse<br \/>\n- V\u00e9g\u00e9talien<\/p>","protected":false},"featured_media":53558,"template":"","meta":{"inline_featured_image":false},"product_cat":[4782,4781],"product_tag":[],"acf":[],"_links":{"self":[{"href":"https:\/\/weider.es\/fr\/wp-json\/wp\/v2\/product\/54411"}],"collection":[{"href":"https:\/\/weider.es\/fr\/wp-json\/wp\/v2\/product"}],"about":[{"href":"https:\/\/weider.es\/fr\/wp-json\/wp\/v2\/types\/product"}],"wp:featuredmedia":[{"embeddable":true,"href":"https:\/\/weider.es\/fr\/wp-json\/wp\/v2\/media\/53558"}],"wp:attachment":[{"href":"https:\/\/weider.es\/fr\/wp-json\/wp\/v2\/media?parent=54411"}],"wp:term":[{"taxonomy":"product_cat","embeddable":true,"href":"https:\/\/weider.es\/fr\/wp-json\/wp\/v2\/product_cat?post=54411"},{"taxonomy":"product_tag","embeddable":true,"href":"https:\/\/weider.es\/fr\/wp-json\/wp\/v2\/product_tag?post=54411"}],"curies":[{"name":"wp","href":"https:\/\/api.w.org\/{rel}","templated":true}]}}