{"id":54412,"date":"2024-07-30T10:19:10","date_gmt":"2024-07-30T08:19:10","guid":{"rendered":"https:\/\/weider.es\/product\/iso-carbo-naranja\/"},"modified":"2025-04-01T10:34:26","modified_gmt":"2025-04-01T08:34:26","slug":"iso-carbo-naranja","status":"publish","type":"product","link":"https:\/\/weider.es\/fr\/produit\/iso-carbo-naranja\/","title":{"rendered":"Iso Carbo Orange"},"content":{"rendered":"<p>ISO CARBO de Victory Endurance est une boisson \u00e0 la pointe de la technologie.<br \/>\ng\u00e9n\u00e9ration con\u00e7ue pour r\u00e9pondre \u00e0 toutes les exigences<br \/>\ndont les athl\u00e8tes ont besoin lors des \u00e9preuves les plus exigeantes.<br \/>\nISO CARBO retarde la fatigue et am\u00e9liore les performances en<br \/>\nSes ingr\u00e9dients soigneusement s\u00e9lectionn\u00e9s sont capables de fournir plus de<br \/>\nquantit\u00e9 de glucides, c'est-\u00e0-dire plus d'\u00e9nergie, dans le m\u00eame laps de temps.<br \/>\nde volume qu'une boisson isotonique classique.<br \/>\nLe maintien de l'approvisionnement en sels min\u00e9raux et, bien s\u00fbr,<br \/>\navec la m\u00eame digestibilit\u00e9 afin de garantir une<br \/>\nl'assimilation et donc une bonne hydratation.<br \/>\nC'est ainsi que ses nouveaux ingr\u00e9dients agissent :<br \/>\n\u2013 Amilopectina: carbohidrato de alto peso molecular<br \/>\ndont la structure chimique lui conf\u00e8re une tr\u00e8s faible<br \/>\nOsmolalit\u00e9 de la solution, ce qui lui permet de passer \u00e0 travers<br \/>\nrapidement dans l'estomac, ce qui le rend disponible pour<br \/>\nla cellule musculaire peut l'utiliser comme source d'\u00e9nergie.<br \/>\n\u2013 Palatinosa\u00ae: (marca registrada de Isomaltulosa) es un<br \/>\ntype de sucre qui, en raison de son mode de fabrication<br \/>\nest faible sur l'index glyc\u00e9mique (IG), c'est-\u00e0-dire qu'il<br \/>\nfournit de l'\u00e9nergie \u00e0 long terme. Il a un IG similaire \u00e0 celui de l'huile d'olive.<br \/>\n\u00e0 celle du fructose mais avec une digestibilit\u00e9 \u00e9lev\u00e9e, c'est-\u00e0-dire<br \/>\nnous offre les m\u00eames caract\u00e9ristiques \u00e9nerg\u00e9tiques, mais<br \/>\nsans l'inconfort gastrique ou digestif qu'il provoque<br \/>\nfructose.<br \/>\n\u2013 Con electrolitos: con todas las sales minerales<br \/>\nn\u00e9cessaires pour retarder\/\u00e9viter la d\u00e9shydratation pendant<br \/>\nla pratique du sport. Assure la r\u00e9tention d'eau<br \/>\n\u00e0 l'int\u00e9rieur de la cellule, la contraction\/relaxation du muscle<br \/>\npour \u00e9viter les crampes, etc.<br \/>\n\u2013 Con vitaminas (C y B1): fundamentales para<br \/>\ntransformer les hydrates de carbone en \u00e9nergie, avec<br \/>\ncapacit\u00e9 antioxydante, etc.<\/p>","protected":false},"excerpt":{"rendered":"<p>Hydratation optimale et \u00e9nergie suppl\u00e9mentaire<br \/>\nAvec de l'amylopectine, du Palatinose\u2122 et des polym\u00e8res de glucose.<br \/>\nAvec des \u00e9lectrolytes, des sels min\u00e9raux et des vitamines<\/p>","protected":false},"featured_media":55694,"template":"","meta":{"inline_featured_image":false},"product_cat":[4782],"product_tag":[],"acf":[],"_links":{"self":[{"href":"https:\/\/weider.es\/fr\/wp-json\/wp\/v2\/product\/54412"}],"collection":[{"href":"https:\/\/weider.es\/fr\/wp-json\/wp\/v2\/product"}],"about":[{"href":"https:\/\/weider.es\/fr\/wp-json\/wp\/v2\/types\/product"}],"wp:featuredmedia":[{"embeddable":true,"href":"https:\/\/weider.es\/fr\/wp-json\/wp\/v2\/media\/55694"}],"wp:attachment":[{"href":"https:\/\/weider.es\/fr\/wp-json\/wp\/v2\/media?parent=54412"}],"wp:term":[{"taxonomy":"product_cat","embeddable":true,"href":"https:\/\/weider.es\/fr\/wp-json\/wp\/v2\/product_cat?post=54412"},{"taxonomy":"product_tag","embeddable":true,"href":"https:\/\/weider.es\/fr\/wp-json\/wp\/v2\/product_tag?post=54412"}],"curies":[{"name":"wp","href":"https:\/\/api.w.org\/{rel}","templated":true}]}}