{"id":54414,"date":"2024-07-30T10:19:10","date_gmt":"2024-07-30T08:19:10","guid":{"rendered":"https:\/\/weider.es\/product\/salt-effervescent-citrus\/"},"modified":"2025-04-02T10:09:33","modified_gmt":"2025-04-02T08:09:33","slug":"salt-effervescent-citrus","status":"publish","type":"product","link":"https:\/\/weider.es\/fr\/produit\/salt-effervescent-citrus\/","title":{"rendered":"Sel Effervescent Agrumes"},"content":{"rendered":"<p>Chaque comprim\u00e9 fournit le dosage optimal pour la reconstitution de la<br \/>\nles min\u00e9raux suivants :<br \/>\n\u2013 Sodio y Potasio: Durante una pr\u00e1ctica deportiva prolongada es<br \/>\nIl est tr\u00e8s facile de perdre ces \u00e9lectrolytes par la sueur ou d'autres liquides.<br \/>\ncorps. Salt Effervescent Tabs vous apporte des min\u00e9raux pour vous aider \u00e0 pr\u00e9venir<br \/>\nle d\u00e9s\u00e9quilibre \u00e9lectrolytique et ses cons\u00e9quences les plus courantes.<br \/>\n\u2013 Calcio: Este mineral contribuye al metabolismo energ\u00e9tico normal y<br \/>\nau fonctionnement normal des muscles.<br \/>\n\u2013 Magnesio: El magnesio es muy importante para una adecuada<br \/>\nl'hydratation car il contribue \u00e0 l'\u00e9quilibre \u00e9lectrolytique, et en quantit\u00e9<br \/>\nsuffisamment contribue \u00e9galement \u00e0 r\u00e9duire la fatigue et l'\u00e9puisement.<br \/>\n\u2013 Zinc: Este mineral contribuye al metabolismo normal de los<br \/>\nmacronutriments et au m\u00e9tabolisme normal des acides gras, ainsi qu'\u00e0 la<br \/>\nle fonctionnement normal du syst\u00e8me immunitaire. Par cons\u00e9quent, sa pr\u00e9sence dans le sel<br \/>\nEffervescent Tabs, est un excellent renfort pour les sportifs.<br \/>\nEn outre, les comprim\u00e9s contiennent les vitamines importantes suivantes<br \/>\npour le bon fonctionnement de l'organisme, en particulier pendant la p\u00e9riode de l'ann\u00e9e.<br \/>\nles situations stressantes telles que l'exercice physique :<br \/>\n\u2013 Tiamina: Contribuye tanto al metabolismo energ\u00e9tico normal como<br \/>\nau fonctionnement normal du syst\u00e8me immunitaire.<br \/>\n\u2013 Riboflavina: Ayuda a disminuir el cansancio y la fatiga, as\u00ed como<br \/>\nau maintien de globules rouges normaux.<br \/>\n\u2013 Vitamina B6: entre otras muchas acciones, la vitamina B6 tambi\u00e9n<br \/>\ncontribue au m\u00e9tabolisme \u00e9nerg\u00e9tique normal, au m\u00e9tabolisme normal de l'organisme.<br \/>\nprot\u00e9ines et du glycog\u00e8ne, ainsi que la r\u00e9duction de la fatigue et de l'\u00e9puisement.<\/p>","protected":false},"excerpt":{"rendered":"<p>5 \u00e9lectrolytes et 3 vitamines<br \/>\nDissolution facile et go\u00fbt agr\u00e9able<br \/>\nConvient aux v\u00e9g\u00e9taliens, sans gluten, sans lactose, sans lactose<\/p>","protected":false},"featured_media":55696,"template":"","meta":{"inline_featured_image":false},"product_cat":[4782],"product_tag":[],"acf":[],"_links":{"self":[{"href":"https:\/\/weider.es\/fr\/wp-json\/wp\/v2\/product\/54414"}],"collection":[{"href":"https:\/\/weider.es\/fr\/wp-json\/wp\/v2\/product"}],"about":[{"href":"https:\/\/weider.es\/fr\/wp-json\/wp\/v2\/types\/product"}],"wp:featuredmedia":[{"embeddable":true,"href":"https:\/\/weider.es\/fr\/wp-json\/wp\/v2\/media\/55696"}],"wp:attachment":[{"href":"https:\/\/weider.es\/fr\/wp-json\/wp\/v2\/media?parent=54414"}],"wp:term":[{"taxonomy":"product_cat","embeddable":true,"href":"https:\/\/weider.es\/fr\/wp-json\/wp\/v2\/product_cat?post=54414"},{"taxonomy":"product_tag","embeddable":true,"href":"https:\/\/weider.es\/fr\/wp-json\/wp\/v2\/product_tag?post=54414"}],"curies":[{"name":"wp","href":"https:\/\/api.w.org\/{rel}","templated":true}]}}