{"id":54415,"date":"2024-07-30T10:19:10","date_gmt":"2024-07-30T08:19:10","guid":{"rendered":"https:\/\/weider.es\/product\/bebida-isotonica-naranja\/"},"modified":"2024-10-17T10:28:29","modified_gmt":"2024-10-17T08:28:29","slug":"bebida-isotonica-naranja","status":"publish","type":"product","link":"https:\/\/weider.es\/fr\/produit\/bebida-isotonica-naranja\/","title":{"rendered":"BOISSON ISOTONIQUE \u00c0 L'ORANGE"},"content":{"rendered":"<p>La boisson isotonique Weider est le choix parfait pour ceux qui recherchent une source d'\u00e9nergie rapide et durable. Sp\u00e9cialement con\u00e7ue pour r\u00e9hydrater et reconstituer les \u00e9lectrolytes perdus au cours d'un exercice physique intense, cette boisson isotonique offre un go\u00fbt d'orange rafra\u00eechissant qui vous revitalise instantan\u00e9ment. Points forts des avantages : - \u00c9nergie rapide et durable : Gr\u00e2ce \u00e0 son m\u00e9lange sp\u00e9cial d'hydrates de carbone, la boisson isotonique Weider fournit une \u00e9nergie soutenue, id\u00e9ale pour maintenir les performances lors d'activit\u00e9s physiques prolong\u00e9es. - R\u00e9hydratation optimale : aide \u00e0 reconstituer les \u00e9lectrolytes et les liquides perdus, garantissant que votre corps reste hydrat\u00e9 et qu'il donne le meilleur de lui-m\u00eame. - Go\u00fbt rafra\u00eechissant : Un d\u00e9licieux go\u00fbt d'orange en fait une boisson agr\u00e9able \u00e0 consommer \u00e0 tout moment. La boisson isotonique Weider est donc le compagnon id\u00e9al de tout athl\u00e8te cherchant \u00e0 am\u00e9liorer ses performances et \u00e0 maintenir ses niveaux d'\u00e9nergie et d'hydratation. Gr\u00e2ce \u00e0 sa formule avanc\u00e9e et \u00e0 son go\u00fbt agr\u00e9able<\/p>","protected":false},"excerpt":{"rendered":"<p>Une \u00e9nergie rapide et durable<br \/>\nLa meilleure option pour l'hydratation<br \/>\nTirez le meilleur parti de votre formation<\/p>","protected":false},"featured_media":53571,"template":"","meta":{"inline_featured_image":false},"product_cat":[4782],"product_tag":[],"acf":[],"_links":{"self":[{"href":"https:\/\/weider.es\/fr\/wp-json\/wp\/v2\/product\/54415"}],"collection":[{"href":"https:\/\/weider.es\/fr\/wp-json\/wp\/v2\/product"}],"about":[{"href":"https:\/\/weider.es\/fr\/wp-json\/wp\/v2\/types\/product"}],"wp:featuredmedia":[{"embeddable":true,"href":"https:\/\/weider.es\/fr\/wp-json\/wp\/v2\/media\/53571"}],"wp:attachment":[{"href":"https:\/\/weider.es\/fr\/wp-json\/wp\/v2\/media?parent=54415"}],"wp:term":[{"taxonomy":"product_cat","embeddable":true,"href":"https:\/\/weider.es\/fr\/wp-json\/wp\/v2\/product_cat?post=54415"},{"taxonomy":"product_tag","embeddable":true,"href":"https:\/\/weider.es\/fr\/wp-json\/wp\/v2\/product_tag?post=54415"}],"curies":[{"name":"wp","href":"https:\/\/api.w.org\/{rel}","templated":true}]}}