{"id":54416,"date":"2024-07-30T10:19:10","date_gmt":"2024-07-30T08:19:10","guid":{"rendered":"https:\/\/weider.es\/product\/weider-prime-mens-protect-costco\/"},"modified":"2024-10-17T10:28:30","modified_gmt":"2024-10-17T08:28:30","slug":"weider-prime-mens-protect-costco","status":"publish","type":"product","link":"https:\/\/weider.es\/fr\/produit\/weider-prime-mens-protect-costco\/","title":{"rendered":"WEIDER PRIME MEN\u2019S PROTECT COSTCO"},"content":{"rendered":"<p>FORMULE AVANC\u00c9E POUR LES HOMMES - PROTECTION CONTRE LE STRESS OXIDATIF - AVEC ENOTPROST\u00ae, CAREFLOW\u00ae ET EXTRAIT DE JUS DE GRENAILLE Weider Prime\u00ae MEN'S PROTECT est con\u00e7u avec une gamme d'ingr\u00e9dients scientifiquement prouv\u00e9s pour aider \u00e0 soutenir la sant\u00e9 des voies urinaires et le fonctionnement normal de la prostate. L'extrait de jus de grenade et l'extrait de tomate riche en un pigment organique appel\u00e9 lycop\u00e8ne ont un pouvoir antioxydant qui peut aider \u00e0 prot\u00e9ger les cellules du stress oxydatif. ENOTprost\u00ae est un extrait sec contenant plus de 15% d'\u0153noth\u00e9ine B, un ingr\u00e9dient puissant dont les \u00e9tudes cliniques confirment le pouvoir anti-inflammatoire et antioxydant pour les compl\u00e9ments alimentaires innovants. Epilobium angustifolium L. (Onagraceae) est une plante bien connue d'origine europ\u00e9enne, traditionnellement utilis\u00e9e pour les troubles de la prostate et de la miction. Des \u00e9tudes cliniques et in vitro ont montr\u00e9 que Careflow\u00ae augmente le flux sanguin, avec des effets b\u00e9n\u00e9fiques possibles sur la microcirculation. Il active \u00e9galement l'enzyme endoth\u00e9liale d'oxyde nitrique synthase (eNOS), lib\u00e9rant de l'oxyde nitrique (NO), qui d\u00e9tend les vaisseaux sanguins et permet une bonne circulation du sang. Comme dernier compl\u00e9ment, on a ajout\u00e9 les min\u00e9raux zinc et s\u00e9l\u00e9nium, qui contribuent au maintien d'un taux normal de testost\u00e9rone dans le sang. L'action synergique de tous ces ingr\u00e9dients cr\u00e9e un produit de sant\u00e9 masculine parfait.<\/p>","protected":false},"excerpt":{"rendered":"<p>F\u00d3RMULA AVANZADA PARA HOMBRES \u2022 PROTECCI\u00d3N FRENTE AL ESTR\u00c9S OXIDATIVO \u2022 CON ENOTPROST\u00ae, CAREFLOW\u00ae Y EXTRACTO DE ZUMO DE GRANADA Weider Prime\u00ae MEN\u2019S PROTECT ha sido dise\u00f1ado con un conjunto [\u2026]<\/p>","protected":false},"featured_media":53574,"template":"","meta":{"inline_featured_image":false},"product_cat":[4844],"product_tag":[],"acf":[],"_links":{"self":[{"href":"https:\/\/weider.es\/fr\/wp-json\/wp\/v2\/product\/54416"}],"collection":[{"href":"https:\/\/weider.es\/fr\/wp-json\/wp\/v2\/product"}],"about":[{"href":"https:\/\/weider.es\/fr\/wp-json\/wp\/v2\/types\/product"}],"wp:featuredmedia":[{"embeddable":true,"href":"https:\/\/weider.es\/fr\/wp-json\/wp\/v2\/media\/53574"}],"wp:attachment":[{"href":"https:\/\/weider.es\/fr\/wp-json\/wp\/v2\/media?parent=54416"}],"wp:term":[{"taxonomy":"product_cat","embeddable":true,"href":"https:\/\/weider.es\/fr\/wp-json\/wp\/v2\/product_cat?post=54416"},{"taxonomy":"product_tag","embeddable":true,"href":"https:\/\/weider.es\/fr\/wp-json\/wp\/v2\/product_tag?post=54416"}],"curies":[{"name":"wp","href":"https:\/\/api.w.org\/{rel}","templated":true}]}}