{"id":54418,"date":"2024-07-30T10:19:10","date_gmt":"2024-07-30T08:19:10","guid":{"rendered":"https:\/\/weider.es\/product\/collagen-costo-esp-12-u\/"},"modified":"2024-11-11T11:10:18","modified_gmt":"2024-11-11T10:10:18","slug":"colageno-600g","status":"publish","type":"product","link":"https:\/\/weider.es\/fr\/produit\/collagen-cost-esp-12-u\/","title":{"rendered":"Col\u00e1geno 600g"},"content":{"rendered":"<p>Le <a href=\"https:\/\/weider.es\/fr\/categoria\/colagenos\/\">collag\u00e8ne<\/a> es una prote\u00edna que se encuentra en el tejido conectivo y que es fundamental para la elasticidad y regeneraci\u00f3n de la piel, los huesos y el cart\u00edlago.<\/p>\n<p>Les ingr\u00e9dients contenus dans Weider Collagen ont \u00e9t\u00e9 soigneusement s\u00e9lectionn\u00e9s pour stimuler la production de collag\u00e8ne et contribuer \u00e0 la r\u00e9g\u00e9n\u00e9ration des os et des cartilages. En outre, sa formule exceptionnelle est parfaite pour prot\u00e9ger la peau du vieillissement et des dommages oxydatifs, afin qu'elle reste lisse et jeune plus longtemps.<\/p>\n<p>Le collag\u00e8ne est pauvre en graisses et en sucres, se m\u00e9lange bien et est tr\u00e8s facile \u00e0 utiliser. Il convient \u00e0 tout \u00e2ge, que vous soyez jeune et que vous souhaitiez que vos articulations suivent votre activit\u00e9 physique, ou que vos articulations commencent \u00e0 vous g\u00eaner. Et bien s\u00fbr, il vous convient \u00e9galement si vous souhaitez prot\u00e9ger et am\u00e9liorer la beaut\u00e9 naturelle de votre peau. Le collag\u00e8ne a un go\u00fbt neutre et est \u00e9dulcor\u00e9 \u00e0 l'aide d'un \u00e9dulcorant sans calories issu de la feuille de st\u00e9via.<\/p>","protected":false},"excerpt":{"rendered":"<p>Avec des peptides de collag\u00e8ne hautement biodisponibles.<br \/>\nContribue \u00e0 la sant\u00e9 des os et des cartilages.<br \/>\nAvec de l'acide hyaluronique, du magn\u00e9sium et de la vitamine C<\/p>","protected":false},"featured_media":54895,"template":"","meta":{"inline_featured_image":false},"product_cat":[4849,4852],"product_tag":[],"acf":[],"_links":{"self":[{"href":"https:\/\/weider.es\/fr\/wp-json\/wp\/v2\/product\/54418"}],"collection":[{"href":"https:\/\/weider.es\/fr\/wp-json\/wp\/v2\/product"}],"about":[{"href":"https:\/\/weider.es\/fr\/wp-json\/wp\/v2\/types\/product"}],"wp:featuredmedia":[{"embeddable":true,"href":"https:\/\/weider.es\/fr\/wp-json\/wp\/v2\/media\/54895"}],"wp:attachment":[{"href":"https:\/\/weider.es\/fr\/wp-json\/wp\/v2\/media?parent=54418"}],"wp:term":[{"taxonomy":"product_cat","embeddable":true,"href":"https:\/\/weider.es\/fr\/wp-json\/wp\/v2\/product_cat?post=54418"},{"taxonomy":"product_tag","embeddable":true,"href":"https:\/\/weider.es\/fr\/wp-json\/wp\/v2\/product_tag?post=54418"}],"curies":[{"name":"wp","href":"https:\/\/api.w.org\/{rel}","templated":true}]}}