{"id":54420,"date":"2024-07-30T10:19:10","date_gmt":"2024-07-30T08:19:10","guid":{"rendered":"https:\/\/weider.es\/product\/green-flex\/"},"modified":"2024-10-17T10:28:31","modified_gmt":"2024-10-17T08:28:31","slug":"green-flex","status":"publish","type":"product","link":"https:\/\/weider.es\/fr\/produit\/green-flex\/","title":{"rendered":"Green Flex"},"content":{"rendered":"<p>Green Flex offre une combinaison unique d'ingr\u00e9dients formul\u00e9s dans le but d'am\u00e9liorer la production de collag\u00e8ne (aidant \u00e0 r\u00e9g\u00e9n\u00e9rer les os et le cartilage), ainsi que de r\u00e9duire et de pr\u00e9venir l'inconfort caus\u00e9 par l'usure et l'inflammation.<br \/>\nIl convient \u00e0 tout \u00e2ge, que vous soyez jeune et que vous souhaitiez que vos articulations suivent votre activit\u00e9 physique, ou que vos articulations commencent d\u00e9j\u00e0 \u00e0 vous g\u00eaner.<br \/>\nSe procurer un protecteur articulaire d'origine non animale est souvent une t\u00e2che difficile, alors Weider, dans son travail inlassable de satisfaction des besoins de tous ceux qui souhaitent prendre soin d'eux, quels que soient leurs principes, vous facilite enfin la t\u00e2che.<br \/>\nLes ingr\u00e9dients utilis\u00e9s dans les soins des articulations sont g\u00e9n\u00e9ralement d'origine.<br \/>\n-<br \/>\nCurcuma biologique : le curcuma est traditionnellement connu pour ses propri\u00e9t\u00e9s anti-inflammatoires, et son origine biologique lui conf\u00e8re qualit\u00e9 et puret\u00e9 du produit.<br \/>\n-<br \/>\nSulfate de glucosamine : participe \u00e0 la formation et \u00e0 la r\u00e9paration du cartilage, dont la carence est associ\u00e9e \u00e0 l'apparition de douleurs, en particulier chez les sportifs dont les articulations s'usent beaucoup.<br \/>\n-<br \/>\nMSM (m\u00e9thylsulfonylm\u00e9thane) : participe \u00e0 la formation des fibres de collag\u00e8ne et agit comme antioxydant pour favoriser la r\u00e9g\u00e9n\u00e9ration des tissus.<br \/>\n-<br \/>\nExtrait de fruit d'olive (Osteolive) : ce nouvel ingr\u00e9dient d'origine espagnole fournit de l'acide maslinique, qui a \u00e9t\u00e9 \u00e9tudi\u00e9 pour moduler et r\u00e9duire l'inflammation.<br \/>\n-<br \/>\nExtrait de poivre noir (Bioperine) : son principal ingr\u00e9dient actif est la pip\u00e9rine, qui augmente l'absorption et la biodisponibilit\u00e9 du curcuma.<br \/>\n-<br \/>\nVitamine C : La vitamine C contribue \u00e0 la formation normale du collag\u00e8ne.<\/p>","protected":false},"excerpt":{"rendered":"<p>Protection des articulations : os et cartilage<br \/>\n.<br \/>\nAvec du curcuma biologique<br \/>\n. Vegan, sans gluten et sans produits laitiers<\/p>","protected":false},"featured_media":53583,"template":"","meta":{"inline_featured_image":false},"product_cat":[4783,4781],"product_tag":[],"acf":[],"_links":{"self":[{"href":"https:\/\/weider.es\/fr\/wp-json\/wp\/v2\/product\/54420"}],"collection":[{"href":"https:\/\/weider.es\/fr\/wp-json\/wp\/v2\/product"}],"about":[{"href":"https:\/\/weider.es\/fr\/wp-json\/wp\/v2\/types\/product"}],"wp:featuredmedia":[{"embeddable":true,"href":"https:\/\/weider.es\/fr\/wp-json\/wp\/v2\/media\/53583"}],"wp:attachment":[{"href":"https:\/\/weider.es\/fr\/wp-json\/wp\/v2\/media?parent=54420"}],"wp:term":[{"taxonomy":"product_cat","embeddable":true,"href":"https:\/\/weider.es\/fr\/wp-json\/wp\/v2\/product_cat?post=54420"},{"taxonomy":"product_tag","embeddable":true,"href":"https:\/\/weider.es\/fr\/wp-json\/wp\/v2\/product_tag?post=54420"}],"curies":[{"name":"wp","href":"https:\/\/api.w.org\/{rel}","templated":true}]}}