{"id":54421,"date":"2024-07-30T10:19:10","date_gmt":"2024-07-30T08:19:10","guid":{"rendered":"https:\/\/weider.es\/product\/collagen-creamer-keto-friendly\/"},"modified":"2024-10-25T05:29:45","modified_gmt":"2024-10-25T03:29:45","slug":"colageno-creamer-keto-friendly","status":"publish","type":"product","link":"https:\/\/weider.es\/fr\/produit\/collagen-creamer-keto-friendly\/","title":{"rendered":"Col\u00e1geno Creamer keto friendly"},"content":{"rendered":"<p>Le <a href=\"https:\/\/weider.es\/fr\/categoria\/colagenos\/\">collag\u00e8ne<\/a> es el complemento principal por el que est\u00e1n formados los tejidos conectivos que componen varias partes de nuestro cuerpo, incluyendo tendones, ligamentos, piel y m\u00fasculos. Se sintetiza de forma natural por nuestro cuerpo, a diferencia del <a href=\"https:\/\/weider.es\/fr\/produit\/collagen\/\">col\u00e1geno hidrolizado<\/a> que es\u00a0 aquel que ingerimos a trav\u00e9s de complementos alimenticios.<\/p>\n<p>Col\u00e1geno creamer es un complemento alimenticio que est\u00e1 formado \u00fanicamente por col\u00e1geno hidrolizado y MCT. Entre los principales beneficios del col\u00e1geno hidrolizado esta la mejora en la salud articular, adem\u00e1s de la firmeza e hidrataci\u00f3n en tejidos como la piel, u\u00f1as y cabello. El MCT, proveniente del aceite de coco, se ha convertido en un suplemento muy popular entre atletas. Uno de sus principales beneficios consiste en la ayuda a la p\u00e9rdida de peso agilizando el proceso de eliminaci\u00f3n de la grasa. Otra de las caracter\u00edsticas principales de este producto es su car\u00e1cter keto friendly.<\/p>\n<p>Pour de nombreuses personnes, un r\u00e9gime pauvre en glucides suffit pour atteindre leur poids id\u00e9al. Gr\u00e2ce \u00e0 la teneur en TCM, la consommation de ce produit aide \u00e0 contr\u00f4ler le poids en emp\u00eachant l'augmentation de la graisse corporelle. La dose journali\u00e8re recommand\u00e9e de collag\u00e8ne est de 10 grammes (chaque portion de notre Collagen Creamer en contient 8 g) et elle est recommand\u00e9e au cours du petit-d\u00e9jeuner, c'est pourquoi Collagen Creamer est la combinaison parfaite avec notre premier caf\u00e9 de la journ\u00e9e. Avec l'\u00e2ge, la sant\u00e9 des articulations se d\u00e9grade. De nombreuses \u00e9tudes cliniques confirment l'efficacit\u00e9 du collag\u00e8ne hydrolys\u00e9 pour r\u00e9duire les douleurs articulaires et am\u00e9liorer la mobilit\u00e9 des articulations. Notre combinaison de collag\u00e8ne hydrolys\u00e9 et de TCM, \"Collagen Creamer\", est l'une des meilleures options pour aider \u00e0 maintenir nos muscles, os et articulations dans le meilleur \u00e9tat possible \u00e0 long terme. N'oubliez pas de l'inclure dans votre petit-d\u00e9jeuner tous les matins !<\/p>","protected":false},"excerpt":{"rendered":"<p>Keto friendly.<\/p>\n<p>Elaborado a base de MCT y col\u00e1geno.<\/p>\n<p>Perfecto para desayunos.<\/p>","protected":false},"featured_media":54901,"template":"","meta":{"inline_featured_image":false},"product_cat":[4849],"product_tag":[],"acf":[],"_links":{"self":[{"href":"https:\/\/weider.es\/fr\/wp-json\/wp\/v2\/product\/54421"}],"collection":[{"href":"https:\/\/weider.es\/fr\/wp-json\/wp\/v2\/product"}],"about":[{"href":"https:\/\/weider.es\/fr\/wp-json\/wp\/v2\/types\/product"}],"wp:featuredmedia":[{"embeddable":true,"href":"https:\/\/weider.es\/fr\/wp-json\/wp\/v2\/media\/54901"}],"wp:attachment":[{"href":"https:\/\/weider.es\/fr\/wp-json\/wp\/v2\/media?parent=54421"}],"wp:term":[{"taxonomy":"product_cat","embeddable":true,"href":"https:\/\/weider.es\/fr\/wp-json\/wp\/v2\/product_cat?post=54421"},{"taxonomy":"product_tag","embeddable":true,"href":"https:\/\/weider.es\/fr\/wp-json\/wp\/v2\/product_tag?post=54421"}],"curies":[{"name":"wp","href":"https:\/\/api.w.org\/{rel}","templated":true}]}}