{"id":54424,"date":"2024-07-30T10:19:10","date_gmt":"2024-07-30T08:19:10","guid":{"rendered":"https:\/\/weider.es\/product\/weider-microbiotics-costco\/"},"modified":"2024-10-17T10:28:35","modified_gmt":"2024-10-17T08:28:35","slug":"weider-microbiotics-costco","status":"publish","type":"product","link":"https:\/\/weider.es\/fr\/produit\/weider-microbiotics-costco\/","title":{"rendered":"WEIDER MICROBIOTICS COSTCO"},"content":{"rendered":"<p>Weider Microbiotics est un produit \u00e0 base de probiotiques, en format unidose et orodispersible pour une absorption tr\u00e8s rapide. Il contient 15 souches de bact\u00e9ries vivantes et est formul\u00e9 pour prot\u00e9ger et r\u00e9tablir la flore intestinale, ainsi que pour soutenir le syst\u00e8me immunitaire.<br \/>\nLe tube digestif est continuellement expos\u00e9 \u00e0 une forte charge bact\u00e9rienne provenant de l'alimentation et d'autres micro-organismes environnementaux. Notre syst\u00e8me immunitaire intestinal constitue la plus grande partie du syst\u00e8me immunitaire global. Par cons\u00e9quent, si nous prenons soin de notre microbiote intestinal, nous soutenons l'ensemble de notre syst\u00e8me immunitaire.<br \/>\nWeider Microbiotics vous apporte 1,65 milliard de bact\u00e9ries b\u00e9n\u00e9fiques issues de 15 souches diff\u00e9rentes, ainsi que de la vitamine C et des vitamines du complexe B (B2, B6). Cette quantit\u00e9 de bact\u00e9ries est suffisante pour am\u00e9liorer la digestion, l'absorption correcte des nutriments et le bon fonctionnement du syst\u00e8me immunitaire.<br \/>\nWeider Microbiotics, pr\u00e9sente une souche exclusive de Bacillus coagulans appel\u00e9e BACO-17, r\u00e9sistante \u00e0 la fois aux temp\u00e9ratures \u00e9lev\u00e9es et aux acides gastriques dans l'estomac.<br \/>\nAvec 15 souches de bact\u00e9ries vivantes, c'est le probiotique le plus complet du march\u00e9.<br \/>\nEt pour am\u00e9liorer sa formule, nous l'avons \u00e9galement compl\u00e9t\u00e9e :<br \/>\nVitamine C : qui favorise la stimulation naturelle des d\u00e9fenses (immunoglobulines...).<br \/>\nVitamine B6 et B2 : qui contribuent au bon fonctionnement du syst\u00e8me immunitaire.<br \/>\nChez Weider, nous nous engageons pour la sant\u00e9, c'est pourquoi, gr\u00e2ce \u00e0 l'innovation et \u00e0 la s\u00e9curit\u00e9 de nos produits, nous avons d\u00e9velopp\u00e9 une technologie qui maintient les probiotiques en vie jusqu'\u00e0 la fin de leur vie utile.<\/p>","protected":false},"excerpt":{"rendered":"<p>1,65 milliard de bact\u00e9ries vivantes<br \/>\nRenforce le syst\u00e8me immunitaire<br \/>\nAbsorption rapide. En format orodispersible<\/p>","protected":false},"featured_media":53598,"template":"","meta":{"inline_featured_image":false},"product_cat":[4845],"product_tag":[],"acf":[],"_links":{"self":[{"href":"https:\/\/weider.es\/fr\/wp-json\/wp\/v2\/product\/54424"}],"collection":[{"href":"https:\/\/weider.es\/fr\/wp-json\/wp\/v2\/product"}],"about":[{"href":"https:\/\/weider.es\/fr\/wp-json\/wp\/v2\/types\/product"}],"wp:featuredmedia":[{"embeddable":true,"href":"https:\/\/weider.es\/fr\/wp-json\/wp\/v2\/media\/53598"}],"wp:attachment":[{"href":"https:\/\/weider.es\/fr\/wp-json\/wp\/v2\/media?parent=54424"}],"wp:term":[{"taxonomy":"product_cat","embeddable":true,"href":"https:\/\/weider.es\/fr\/wp-json\/wp\/v2\/product_cat?post=54424"},{"taxonomy":"product_tag","embeddable":true,"href":"https:\/\/weider.es\/fr\/wp-json\/wp\/v2\/product_tag?post=54424"}],"curies":[{"name":"wp","href":"https:\/\/api.w.org\/{rel}","templated":true}]}}