{"id":54425,"date":"2024-07-30T10:19:10","date_gmt":"2024-07-30T08:19:10","guid":{"rendered":"https:\/\/weider.es\/product\/omega-3\/"},"modified":"2025-03-14T14:36:55","modified_gmt":"2025-03-14T13:36:55","slug":"omega-3","status":"publish","type":"product","link":"https:\/\/weider.es\/fr\/produit\/omega-3\/","title":{"rendered":"Om\u00e9ga 3"},"content":{"rendered":"<div>\n<div>Omega 3 de Weider renforce chaque jour votre alimentation en acides gras essentiels. Les acides gras om\u00e9ga 3 sont essentiels \u00e0 notre alimentation, c'est-\u00e0-dire que l'organisme en a besoin pour son bon fonctionnement, mais ne peut pas les synth\u00e9tiser. Il est donc n\u00e9cessaire de les consommer par le biais de l'alimentation.<\/div>\n<div>Les acides gras om\u00e9ga-3 se trouvent principalement dans les produits de la mer, tels que les poissons gras, et \u00e9galement en petites quantit\u00e9s dans les graines v\u00e9g\u00e9tales. Cependant, leur pr\u00e9sence dans les autres aliments est g\u00e9n\u00e9ralement faible et leur renforcement par un suppl\u00e9ment de qualit\u00e9 peut \u00eatre positif pour pr\u00e9venir les carences.<\/div>\n<div>Chaque sofgel quotidien d'om\u00e9ga 3 fournit, sous une forme pratique et facile \u00e0 consommer, 350 mg d'EPA et 250 mg de DHA.<\/div>\n<div>-Les acides eicosapentonique et docosahexa\u00e9no\u00efque contribuent \u00e0 une fonction cardiaque normale.<\/div>\n<div>-Le DHA (acide docosahexa\u00e9no\u00efque) contribue au maintien d'une vision normale.<\/div>\n<div>-Le DHA (acide docosahexa\u00e9no\u00efque) contribue au maintien d'une fonction c\u00e9r\u00e9brale normale. En outre, chaque sofgel a \u00e9t\u00e9 enrichi avec 41% de la valeur nutritionnelle de r\u00e9f\u00e9rence de la vitamine E.<\/div>\n<div>Vitamine qui contribue \u00e0 la protection des cellules contre les dommages oxydatifs. Une consommation ad\u00e9quate d'om\u00e9ga-3 est essentielle pour tout le monde, mais elle est particuli\u00e8rement int\u00e9ressante pour les personnes qui n'incluent pas beaucoup de poissons gras dans leur alimentation, les athl\u00e8tes ayant des besoins nutritionnels \u00e9lev\u00e9s, ainsi que les personnes qui veulent soutenir le bon fonctionnement du c\u0153ur.<\/div>\n<\/div>","protected":false},"excerpt":{"rendered":"<p>Huile de poisson de haute qualit\u00e9<br \/>\nqualit\u00e9, combinaison de sources : EPA et DHA<\/p>","protected":false},"featured_media":53602,"template":"","meta":{"inline_featured_image":false},"product_cat":[4845],"product_tag":[],"acf":[],"_links":{"self":[{"href":"https:\/\/weider.es\/fr\/wp-json\/wp\/v2\/product\/54425"}],"collection":[{"href":"https:\/\/weider.es\/fr\/wp-json\/wp\/v2\/product"}],"about":[{"href":"https:\/\/weider.es\/fr\/wp-json\/wp\/v2\/types\/product"}],"wp:featuredmedia":[{"embeddable":true,"href":"https:\/\/weider.es\/fr\/wp-json\/wp\/v2\/media\/53602"}],"wp:attachment":[{"href":"https:\/\/weider.es\/fr\/wp-json\/wp\/v2\/media?parent=54425"}],"wp:term":[{"taxonomy":"product_cat","embeddable":true,"href":"https:\/\/weider.es\/fr\/wp-json\/wp\/v2\/product_cat?post=54425"},{"taxonomy":"product_tag","embeddable":true,"href":"https:\/\/weider.es\/fr\/wp-json\/wp\/v2\/product_tag?post=54425"}],"curies":[{"name":"wp","href":"https:\/\/api.w.org\/{rel}","templated":true}]}}