{"id":54426,"date":"2024-07-30T10:19:10","date_gmt":"2024-07-30T08:19:10","guid":{"rendered":"https:\/\/weider.es\/product\/cbd-cream\/"},"modified":"2024-10-17T10:28:36","modified_gmt":"2024-10-17T08:28:36","slug":"cbd-cream","status":"publish","type":"product","link":"https:\/\/weider.es\/fr\/produit\/cbd-cream\/","title":{"rendered":"Cr\u00e8me CBD"},"content":{"rendered":"<p>La cr\u00e8me CBD est une cr\u00e8me de massage \u00e0 base de cannabidiol (CBD), d'arnica, de souci, de beurre d'uccuba et d'eucalyptus. Des ingr\u00e9dients soigneusement choisis pour leurs propri\u00e9t\u00e9s apaisantes et r\u00e9confortantes reconnues.<br \/>\nLa s\u00e9lection rigoureuse des ingr\u00e9dients d'origine naturelle 99%, ainsi que la synergie cr\u00e9\u00e9e entre eux, font de cette cr\u00e8me le choix id\u00e9al pour une utilisation topique chez les personnes souffrant de processus inflammatoires.<br \/>\nIl est parfait avant ou apr\u00e8s une activit\u00e9 sportive, mais peut \u00e9galement \u00eatre appliqu\u00e9 \u00e0 tout moment de la journ\u00e9e lorsque vous souhaitez ressentir le soulagement d'un massage agr\u00e9able.<br \/>\nMassez doucement la peau et vous ressentirez une agr\u00e9able sensation d'apaisement et de bien-\u00eatre.<br \/>\nPrincipaux ingr\u00e9dients actifs :<br \/>\n- Chanvre : l'un des principaux ingr\u00e9dients actifs de cette cr\u00e8me est le cannabidiol, mieux connu sous le nom de CBD : un cannabino\u00efde non psychoactif provenant de la plante de chanvre, auquel on attribue des propri\u00e9t\u00e9s anti-inflammatoires et antioxydantes.<br \/>\n- Calendula : ingr\u00e9dient naturel connu pour ses effets anti-inflammatoires. Id\u00e9al pour les peaux sensibles et irrit\u00e9es, il purifie et a des effets antiseptiques.<br \/>\n- Arnica : l'huile hydratante est connue pour ses propri\u00e9t\u00e9s apaisantes.<br \/>\n- Eucalyptus : l'huile d'eucalyptus a des propri\u00e9t\u00e9s anti-inflammatoires et apaisantes. Elle a des propri\u00e9t\u00e9s antiseptiques, purifiantes et cicatrisantes.<br \/>\n- Beurre d'Uccuba : adoucit, r\u00e9pare et hydrate.<\/p>","protected":false},"excerpt":{"rendered":"<p>Cr\u00e8me de massage sportif<br \/>\nContient du cannabidiol (CBD)<br \/>\nSensation de confort.<\/p>","protected":false},"featured_media":54921,"template":"","meta":{"inline_featured_image":false},"product_cat":[4845],"product_tag":[],"acf":[],"_links":{"self":[{"href":"https:\/\/weider.es\/fr\/wp-json\/wp\/v2\/product\/54426"}],"collection":[{"href":"https:\/\/weider.es\/fr\/wp-json\/wp\/v2\/product"}],"about":[{"href":"https:\/\/weider.es\/fr\/wp-json\/wp\/v2\/types\/product"}],"wp:featuredmedia":[{"embeddable":true,"href":"https:\/\/weider.es\/fr\/wp-json\/wp\/v2\/media\/54921"}],"wp:attachment":[{"href":"https:\/\/weider.es\/fr\/wp-json\/wp\/v2\/media?parent=54426"}],"wp:term":[{"taxonomy":"product_cat","embeddable":true,"href":"https:\/\/weider.es\/fr\/wp-json\/wp\/v2\/product_cat?post=54426"},{"taxonomy":"product_tag","embeddable":true,"href":"https:\/\/weider.es\/fr\/wp-json\/wp\/v2\/product_tag?post=54426"}],"curies":[{"name":"wp","href":"https:\/\/api.w.org\/{rel}","templated":true}]}}