{"id":54427,"date":"2024-07-30T10:19:10","date_gmt":"2024-07-30T08:19:10","guid":{"rendered":"https:\/\/weider.es\/product\/vitamin-d3-k2-120-caps\/"},"modified":"2024-10-17T10:28:36","modified_gmt":"2024-10-17T08:28:36","slug":"vitamin-d3-k2-120-caps","status":"publish","type":"product","link":"https:\/\/weider.es\/fr\/produit\/vitamin-d3-k2-120-caps\/","title":{"rendered":"Vitamine D3\/K2 120 g\u00e9lules"},"content":{"rendered":"<p>\u00c9tant donn\u00e9 que le corps humain est th\u00e9oriquement capable de produire suffisamment de vitamine D par jour, il n'est pas possible d'en produire suffisamment.<br \/>\nelle-m\u00eame, la vitamine D n'est pas vraiment une vitamine, mais une hormone. En effet, la vitamine D n'est pas une vitamine mais une hormone.<br \/>\nPour produire de la vitamine D, l'organisme a besoin \u00e0 la fois du pr\u00e9curseur qu'est le cholest\u00e9rol et des rayons UVB.<br \/>\ndu soleil, et c'est l\u00e0 que cela devient difficile pour la plupart des gens :<br \/>\nNous passons la plupart de notre temps \u00e0 l'int\u00e9rieur. Lorsque nous sortons de la maison, nous couvrons<br \/>\nde notre peau productrice de vitamine D avec les v\u00eatements. Pendant l'\u00e9t\u00e9, nous portons<br \/>\nLes \u00e9crans solaires nous prot\u00e8gent des effets potentiellement nocifs du soleil, et donc de l'exposition au soleil.<br \/>\nnous inhibons la synth\u00e8se de la vitamine D ! En outre, notre \u00e2ge et notre type de<br \/>\nLa peau a une influence majeure sur notre production de vitamine D.<br \/>\nDans la plupart des r\u00e9gions d'Europe, l'angle sous lequel le soleil atteint la Terre est de<br \/>\ntrop faible, ce qui signifie que l'exposition aux UV-B est insuffisante pour la synth\u00e8se.<br \/>\nde la vitamine D. Un ciel nuageux emp\u00eache \u00e9galement le rayonnement UV-B, et les aliments<br \/>\nLes aliments riches en vitamine D sont rares, de sorte que l'apport de vitamine D par l'alimentation ne pose pratiquement aucun probl\u00e8me.<br \/>\nest possible et sa mise en \u0153uvre est recommand\u00e9e.<br \/>\nLa vitamine D contribue au maintien d'une ossature et d'une dentition normales, \u00e0 une fonction osseuse et dentaire normale et au maintien d'un syst\u00e8me immunitaire sain.<br \/>\nune fonction musculaire normale et une fonction immunitaire normale. Ainsi, une carence en vitamine<br \/>\nD peut entra\u00eener des perturbations du m\u00e9tabolisme osseux et des maladies telles que<br \/>\nle rachitisme (chez les enfants) ou l'ost\u00e9omalacie (chez les adultes).<br \/>\nEn termes d'effets sur le syst\u00e8me immunitaire inn\u00e9 et adaptatif, la vitamine D joue un r\u00f4le cl\u00e9 dans le syst\u00e8me immunitaire.<br \/>\nun r\u00f4le important dans la diff\u00e9renciation (maturation) de nombreuses cellules immunitaires<br \/>\ndiff\u00e9rents types de cellules, tels que les monocytes, les macrophages et les lymphocytes (par exemple, les cellules B et les cellules T).<br \/>\nChez WEIDER, notre mission est de vous fournir les meilleurs compl\u00e9ments nutritionnels pour que vous puissiez<br \/>\nvous pouvez donner le meilleur de vous-m\u00eame, mener une vie saine et atteindre vos objectifs personnels. Avec plus de<br \/>\n85 ans d'exp\u00e9rience dans ce secteur, nous avons compris l'importance de l'utilisation de l'\u00e9nergie solaire.<br \/>\nTous nos produits sont fabriqu\u00e9s \u00e0 partir d'ingr\u00e9dients de confiance et de la plus haute qualit\u00e9.<\/p>","protected":false},"excerpt":{"rendered":"<p>1000 UI de vitamine du soleil par g\u00e9lule.<br \/>\nAvec la qualit\u00e9 sup\u00e9rieure de K2Vital, la vitamine K2 MK-7.<br \/>\nFournit du magn\u00e9sium, un cofacteur important pour l'activation de la vitamine D.<\/p>","protected":false},"featured_media":55132,"template":"","meta":{"inline_featured_image":false},"product_cat":[4845],"product_tag":[],"acf":[],"_links":{"self":[{"href":"https:\/\/weider.es\/fr\/wp-json\/wp\/v2\/product\/54427"}],"collection":[{"href":"https:\/\/weider.es\/fr\/wp-json\/wp\/v2\/product"}],"about":[{"href":"https:\/\/weider.es\/fr\/wp-json\/wp\/v2\/types\/product"}],"wp:featuredmedia":[{"embeddable":true,"href":"https:\/\/weider.es\/fr\/wp-json\/wp\/v2\/media\/55132"}],"wp:attachment":[{"href":"https:\/\/weider.es\/fr\/wp-json\/wp\/v2\/media?parent=54427"}],"wp:term":[{"taxonomy":"product_cat","embeddable":true,"href":"https:\/\/weider.es\/fr\/wp-json\/wp\/v2\/product_cat?post=54427"},{"taxonomy":"product_tag","embeddable":true,"href":"https:\/\/weider.es\/fr\/wp-json\/wp\/v2\/product_tag?post=54427"}],"curies":[{"name":"wp","href":"https:\/\/api.w.org\/{rel}","templated":true}]}}