{"id":54428,"date":"2024-07-30T10:19:10","date_gmt":"2024-07-30T08:19:10","guid":{"rendered":"https:\/\/weider.es\/product\/zzzma-night-60-caps\/"},"modified":"2024-10-17T10:28:37","modified_gmt":"2024-10-17T08:28:37","slug":"zzzma-night-capsulas","status":"publish","type":"product","link":"https:\/\/weider.es\/fr\/produit\/zzzma-night-60-caps\/","title":{"rendered":"ZZZMA Nuit 60 Capsules"},"content":{"rendered":"<p>Un sommeil profond et r\u00e9parateur en quantit\u00e9 suffisante est essentiel au bien-\u00eatre, ainsi qu'\u00e0 la sant\u00e9 physique et mentale.<\/p>\n<p>De nos jours, la vie quotidienne est remplie de divers facteurs de stress qui font qu'il est difficile de se d\u00e9tendre, de se calmer, de s'endormir et de passer une nuit compl\u00e8te de sommeil.<br \/>\nnuit sans interruption. Bien que les somnif\u00e8res pharmaceutiques puissent \u00eatre quelque peu efficaces \u00e0 court terme, ils ont souvent des effets secondaires ind\u00e9sirables et ne devraient pas \u00eatre pris \u00e0 long terme. Nos g\u00e9lules zzZMA Night contiennent uniquement des ingr\u00e9dients naturels et sont sp\u00e9cialement formul\u00e9es pour \u00eatre prises avant le coucher.<\/p>\n<p>Gr\u00e2ce \u00e0 l'origine naturelle de tous les ingr\u00e9dients, nos g\u00e9lules de zzZMA Night ne provoquent pas de d\u00e9pendance ou de somnolence le lendemain.<\/p>\n<p>DailyZz est un m\u00e9lange cliniquement \u00e9tudi\u00e9 d'extraits de menthe verte et de th\u00e9 vert contenant une grande quantit\u00e9 d'acide rosmarinique et d'autres polyph\u00e9nols pr\u00e9cieux. Chaque portion de nos g\u00e9lules zzZMA Night apporte \u00e9galement 0,5 mg de l'hormone naturelle du sommeil, la <a href=\"https:\/\/weider.es\/fr\/produit\/melatonina\/\">m\u00e9latonine<\/a>et 100 mg de querc\u00e9tine, qui soutient l'effet de la m\u00e9latonine.<\/p>\n<p>En outre, l'AstraGin\u00ae, stimulateur biologique bien connu, a \u00e9t\u00e9 ajout\u00e9 afin d'am\u00e9liorer l'absorption des autres ingr\u00e9dients pour une efficacit\u00e9 optimale.<\/p>\n<p>Enfin, zzZMA apporte les min\u00e9raux zinc, magn\u00e9sium et cuivre sous des formes organiques hautement biodisponibles.<\/p>\n<p>Nous recommandons de prendre une portion de zzZMA environ 20 \u00e0 30 minutes avant le coucher.<\/p>\n<p>Chez WEIDER, notre mission est de vous fournir les meilleurs compl\u00e9ments alimentaires pour que vous puissiez donner le meilleur de vous-m\u00eame, mener une vie saine et atteindre vos objectifs personnels. Avec plus de 85 ans d'exp\u00e9rience dans l'industrie, nous comprenons l'importance d'utiliser uniquement des ingr\u00e9dients de la plus haute qualit\u00e9 et de confiance dans tous nos produits.<\/p>","protected":false},"excerpt":{"rendered":"<p>Avec la m\u00e9latonine, l'hormone naturelle du sommeil.<\/p>\n<p>Y compris les produits de haute qualit\u00e9 DailyZz\u2122 et AstraGin\u00ae.<\/p>\n<p>Fournit des formes biodisponibles de zinc, de magn\u00e9sium et de cuivre.<\/p>","protected":false},"featured_media":53609,"template":"","meta":{"inline_featured_image":false},"product_cat":[4853,15],"product_tag":[],"acf":[],"_links":{"self":[{"href":"https:\/\/weider.es\/fr\/wp-json\/wp\/v2\/product\/54428"}],"collection":[{"href":"https:\/\/weider.es\/fr\/wp-json\/wp\/v2\/product"}],"about":[{"href":"https:\/\/weider.es\/fr\/wp-json\/wp\/v2\/types\/product"}],"wp:featuredmedia":[{"embeddable":true,"href":"https:\/\/weider.es\/fr\/wp-json\/wp\/v2\/media\/53609"}],"wp:attachment":[{"href":"https:\/\/weider.es\/fr\/wp-json\/wp\/v2\/media?parent=54428"}],"wp:term":[{"taxonomy":"product_cat","embeddable":true,"href":"https:\/\/weider.es\/fr\/wp-json\/wp\/v2\/product_cat?post=54428"},{"taxonomy":"product_tag","embeddable":true,"href":"https:\/\/weider.es\/fr\/wp-json\/wp\/v2\/product_tag?post=54428"}],"curies":[{"name":"wp","href":"https:\/\/api.w.org\/{rel}","templated":true}]}}