{"id":54429,"date":"2024-07-30T10:19:10","date_gmt":"2024-07-30T08:19:10","guid":{"rendered":"https:\/\/weider.es\/product\/ashwagandha-professional\/"},"modified":"2025-02-13T14:24:22","modified_gmt":"2025-02-13T13:24:22","slug":"ashwagandha-professional","status":"publish","type":"product","link":"https:\/\/weider.es\/fr\/produit\/ashwagandha-professional\/","title":{"rendered":"Ashwagandha Professionnel"},"content":{"rendered":"<div>La m\u00e9decine traditionnelle indienne ayurv\u00e9dique utilise l'ashwagandha (Withania somnifera) pour la pr\u00e9vention et le traitement de diverses affections depuis des milliers d'ann\u00e9es. Le syst\u00e8me ayurv\u00e9dique utilise notamment l'ashwagandha pour r\u00e9duire le stress, rajeunir et am\u00e9liorer la vitalit\u00e9 g\u00e9n\u00e9rale. Le nom de l'esp\u00e8ce, somnifera, se traduit en latin par \"somnif\u00e8re\".<\/div>\n<div><\/div>\n<div>L'extrait d'ashwagandha de la marque KSM-66 est connu pour sa qualit\u00e9 extraordinaire. La racine de Withania somnifera fournit un large \u00e9ventail de nutriments essentiels tels que des acides gras, des min\u00e9raux et d'autres composants phytochimiques. Les mol\u00e9cules les plus importantes sont les withanolides. L'Ashwagandha KSM-66 est standardis\u00e9 pour un minimum de 5% de ces withanolides et fait l'objet d'analyses de laboratoire et de contr\u00f4les de qualit\u00e9 stricts.<\/div>\n<div><\/div>\n<div>Le KSM-66\u00ae de premi\u00e8re qualit\u00e9 est accompagn\u00e9 du bio-booster AstraGin\u00ae, qui peut am\u00e9liorer l'absorption des autres ingr\u00e9dients pour un produit encore plus efficace. La formulation est compl\u00e9t\u00e9e par des micronutriments essentiels, le magn\u00e9sium et la vitamine C, pour soutenir le syst\u00e8me nerveux et lutter contre le stress oxydatif.<\/div>\n<div><\/div>\n<div>Nous recommandons de prendre deux g\u00e9lules professionnelles d'ashwagandha par jour en compl\u00e9ment d'une alimentation \u00e9quilibr\u00e9e et riche en nutriments, d'un mode de vie actif et d'une activit\u00e9 physique r\u00e9guli\u00e8re.<\/div>\n<div><\/div>\n<div>Les g\u00e9lules sont \u00e0 base de plantes et ne contiennent pas de g\u00e9latine, ce qui rend le produit adapt\u00e9 aux v\u00e9g\u00e9tariens et aux v\u00e9g\u00e9taliens. <a href=\"https:\/\/weider.es\/fr\/vegano\/\">v\u00e9g\u00e9taliens<\/a>.<\/div>\n<div><\/div>\n<div>Chez WEIDER, notre mission est de vous fournir les meilleurs compl\u00e9ments alimentaires, afin que vous puissiez donner le meilleur de vous-m\u00eame, mener une vie saine et atteindre vos objectifs personnels. Avec plus de 85 ans d'exp\u00e9rience dans ce secteur, nous avons compris l'importance d'utiliser uniquement des ingr\u00e9dients de haute qualit\u00e9 et de confiance dans tous nos produits.<\/div>","protected":false},"excerpt":{"rendered":"<p>Enrichi en AstraGin pour une meilleure absorption.<\/p>\n<p>Avec du magn\u00e9sium pour soutenir le fonctionnement normal du syst\u00e8me nerveux.<\/p>\n<p>Avec de la vitamine C pour prot\u00e9ger les cellules du stress oxydatif.<\/p>","protected":false},"featured_media":55598,"template":"","meta":{"inline_featured_image":false},"product_cat":[4845,4842],"product_tag":[],"acf":[],"_links":{"self":[{"href":"https:\/\/weider.es\/fr\/wp-json\/wp\/v2\/product\/54429"}],"collection":[{"href":"https:\/\/weider.es\/fr\/wp-json\/wp\/v2\/product"}],"about":[{"href":"https:\/\/weider.es\/fr\/wp-json\/wp\/v2\/types\/product"}],"wp:featuredmedia":[{"embeddable":true,"href":"https:\/\/weider.es\/fr\/wp-json\/wp\/v2\/media\/55598"}],"wp:attachment":[{"href":"https:\/\/weider.es\/fr\/wp-json\/wp\/v2\/media?parent=54429"}],"wp:term":[{"taxonomy":"product_cat","embeddable":true,"href":"https:\/\/weider.es\/fr\/wp-json\/wp\/v2\/product_cat?post=54429"},{"taxonomy":"product_tag","embeddable":true,"href":"https:\/\/weider.es\/fr\/wp-json\/wp\/v2\/product_tag?post=54429"}],"curies":[{"name":"wp","href":"https:\/\/api.w.org\/{rel}","templated":true}]}}