{"id":54430,"date":"2024-07-30T10:19:10","date_gmt":"2024-07-30T08:19:10","guid":{"rendered":"https:\/\/weider.es\/product\/weider-mushroom-complex-costco\/"},"modified":"2024-10-17T10:28:38","modified_gmt":"2024-10-17T08:28:38","slug":"weider-mushroom-complex-costco","status":"publish","type":"product","link":"https:\/\/weider.es\/fr\/produit\/weider-mushroom-complex-costco\/","title":{"rendered":"WEIDER MUSHROOM COMPLEX COSTCO"},"content":{"rendered":"<p>Les champignons sont utilis\u00e9s dans la m\u00e9decine traditionnelle et dans l'alimentation humaine depuis des milliers d'ann\u00e9es. En fait, ils sont reconnus depuis longtemps dans les cultures de l'Asie de l'Est, o\u00f9, sur la base de preuves empiriques, ils sont au sommet de leur m\u00e9decine traditionnelle. Au cours des derni\u00e8res d\u00e9cennies, ces connaissances se sont \u00e9tendues au monde occidental et les propri\u00e9t\u00e9s th\u00e9rapeutiques de plusieurs esp\u00e8ces de champignons ont \u00e9t\u00e9 \u00e9tay\u00e9es par la recherche scientifique.<br \/>\nAujourd'hui, les champignons et leurs compos\u00e9s actifs sont de plus en plus reconnus par la m\u00e9decine conventionnelle, car de plus en plus d'\u00e9tudes scientifiques confirment leur valeur th\u00e9rapeutique.<br \/>\nPour ce faire, nous avons s\u00e9lectionn\u00e9 l'ingr\u00e9dient MycoMIX\u00aeACTIV, un m\u00e9lange de champignons utilis\u00e9s dans la m\u00e9decine traditionnelle depuis deux mille ans : Reishi (Ganoderma Lucidum), Cordyceps (Cordyceps Sinensis), Shiitake (Lentinula Edodes), Maitake (Grifola Frondosa) et Agaricus blazei.<br \/>\nPour compl\u00e9ter la formule, nous avons ajout\u00e9 de la 1,3vitamine C qui contribue \u00e0 la formation normale de collag\u00e8ne pour une fonction normale des vaisseaux sanguins, contribue \u00e0 une fonction normale du syst\u00e8me immunitaire et contribue \u00e0 une fonction psychologique normale.<\/p>","protected":false},"excerpt":{"rendered":"<p>- MycoMIX\u00aeACTIV M\u00e9lange de 5 souches de champignons.<br \/>\n- Contribue au syst\u00e8me immunitaire et soutient les fonctions psychologiques et art\u00e9rielles1.<br \/>\n- REISHI - CORDYCEPS - SHIITAKE - MAITAKE - AGARICUS BLAZEI<\/p>","protected":false},"featured_media":53621,"template":"","meta":{"inline_featured_image":false},"product_cat":[4845,4781],"product_tag":[],"acf":[],"_links":{"self":[{"href":"https:\/\/weider.es\/fr\/wp-json\/wp\/v2\/product\/54430"}],"collection":[{"href":"https:\/\/weider.es\/fr\/wp-json\/wp\/v2\/product"}],"about":[{"href":"https:\/\/weider.es\/fr\/wp-json\/wp\/v2\/types\/product"}],"wp:featuredmedia":[{"embeddable":true,"href":"https:\/\/weider.es\/fr\/wp-json\/wp\/v2\/media\/53621"}],"wp:attachment":[{"href":"https:\/\/weider.es\/fr\/wp-json\/wp\/v2\/media?parent=54430"}],"wp:term":[{"taxonomy":"product_cat","embeddable":true,"href":"https:\/\/weider.es\/fr\/wp-json\/wp\/v2\/product_cat?post=54430"},{"taxonomy":"product_tag","embeddable":true,"href":"https:\/\/weider.es\/fr\/wp-json\/wp\/v2\/product_tag?post=54430"}],"curies":[{"name":"wp","href":"https:\/\/api.w.org\/{rel}","templated":true}]}}