{"id":54431,"date":"2024-07-30T10:19:10","date_gmt":"2024-07-30T08:19:10","guid":{"rendered":"https:\/\/weider.es\/product\/all-day-energy\/"},"modified":"2024-10-17T10:28:38","modified_gmt":"2024-10-17T08:28:38","slug":"all-day-energy","status":"publish","type":"product","link":"https:\/\/weider.es\/fr\/produit\/all-day-energy\/","title":{"rendered":"L'\u00e9nergie toute la journ\u00e9e"},"content":{"rendered":"<div>\n<div>Tanto las vitaminas como los minerales son nutrientes esenciales. Por ello la suplementaci\u00f3n en deportistas se torna fundamental, ya que sus necesidades cal\u00f3ricas (energ\u00e9ticas) son mayores y por tanto las ingestas en vitaminas y minerales tambi\u00e9n lo son, porque, por ejemplo, pierden m\u00e1s minerales con la sudoraci\u00f3n; adem\u00e1s debido al esfuerzo f\u00edsico los requerimientos metab\u00f3licos son mayores y por lo tanto los de vitaminas tambi\u00e9n lo son. Adem\u00e1s, All Day Energy, ejerce una importante protecci\u00f3n antioxidante, debido a que las vitaminas A, C, E, el mineral Selenio y el EGCG, proveniente del T\u00e9 verde, act\u00faan como potentes antioxidantes. Pero, \u00bfcu\u00e1l es la funci\u00f3n de los antioxidantes? pues la de evitar el da\u00f1o que puedan producir los radicales libres que se forman durante el ejercicio intenso. Estos da\u00f1os se convierten en dolor y sensaci\u00f3n de hinchaz\u00f3n para el m\u00fasculo, adem\u00e1s frenan la recuperaci\u00f3n del gluc\u00f3geno, pueden producir da\u00f1os en el ADN, disminuyen la capacidad aer\u00f3bica y, por lo tanto, disminuyen el rendimiento muscular. \u2013 Los Minerales tienen funciones reguladoras y forman parte de la estructura de muchos tejidos: constituyen los huesos y dientes, controlan los l\u00edquidos corporales, forman parte de enzimas y hormonas que intervienen en el metabolismo y algunos son antioxidantes. \u2013 Las Vitaminas son de gran importancia para el mantenimiento de la salud, ya que su falta provoca enfermedades. Adem\u00e1s, son fundamentales para los deportistas porque est\u00e1n implicados en el metabolismo energ\u00e9tico y, como ya hemos dicho, algunas de ellas son potentes antioxidantes (A, C y E).<\/div>\n<\/div>","protected":false},"excerpt":{"rendered":"<p>Avec 12 vitamines, 6 min\u00e9raux et les antioxydants du th\u00e9 vert.<br \/>\nAugmente l'endurance et assure tous les besoins quotidiens<\/p>","protected":false},"featured_media":54924,"template":"","meta":{"inline_featured_image":false},"product_cat":[4845],"product_tag":[],"acf":[],"_links":{"self":[{"href":"https:\/\/weider.es\/fr\/wp-json\/wp\/v2\/product\/54431"}],"collection":[{"href":"https:\/\/weider.es\/fr\/wp-json\/wp\/v2\/product"}],"about":[{"href":"https:\/\/weider.es\/fr\/wp-json\/wp\/v2\/types\/product"}],"wp:featuredmedia":[{"embeddable":true,"href":"https:\/\/weider.es\/fr\/wp-json\/wp\/v2\/media\/54924"}],"wp:attachment":[{"href":"https:\/\/weider.es\/fr\/wp-json\/wp\/v2\/media?parent=54431"}],"wp:term":[{"taxonomy":"product_cat","embeddable":true,"href":"https:\/\/weider.es\/fr\/wp-json\/wp\/v2\/product_cat?post=54431"},{"taxonomy":"product_tag","embeddable":true,"href":"https:\/\/weider.es\/fr\/wp-json\/wp\/v2\/product_tag?post=54431"}],"curies":[{"name":"wp","href":"https:\/\/api.w.org\/{rel}","templated":true}]}}