{"id":54432,"date":"2024-07-30T10:19:10","date_gmt":"2024-07-30T08:19:10","guid":{"rendered":"https:\/\/weider.es\/product\/mgb6\/"},"modified":"2024-10-17T10:28:38","modified_gmt":"2024-10-17T08:28:38","slug":"mgb6","status":"publish","type":"product","link":"https:\/\/weider.es\/fr\/produit\/mgb6\/","title":{"rendered":"MGB6"},"content":{"rendered":"<p>MgB6 de Victory Endurance est un produit \u00e0 base de magn\u00e9sium et de vitamine B6, combin\u00e9s \u00e0 des doses ad\u00e9quates pour une plus grande efficacit\u00e9. Il est recommand\u00e9 pour tous les types d'athl\u00e8tes, aussi bien pour les athl\u00e8tes de force que pour les athl\u00e8tes d'endurance, en particulier pour ces derniers car leur niveau de magn\u00e9sium peut diminuer en raison de l'usure physique importante que ces disciplines requi\u00e8rent. Ses ingr\u00e9dients agissent comme suit :<br \/>\n-<br \/>\nLe magn\u00e9sium est essentiel \u00e0 la fonction musculaire, agissant comme cofacteur de nombreuses enzymes cellulaires. Il participe, avec le calcium, aux m\u00e9canismes de contraction\/relaxation musculaire et de coagulation sanguine (le calcium les favorise et le magn\u00e9sium les inhibe). La suppl\u00e9mentation en Mg est essentielle pour les sportifs en g\u00e9n\u00e9ral et les sportifs d'endurance en particulier, car ils perdent plus de Mg par la transpiration et l'effort physique, ce qui peut entra\u00eener des crampes musculaires, qui augmentent avec la perte de potassium et d'autres sels min\u00e9raux (\u00e9lectrolytes). De plus, les g\u00e9lules de MgB6 sont compos\u00e9es de citrate de magn\u00e9sium, dont il a \u00e9t\u00e9 d\u00e9montr\u00e9 qu'il est le plus facilement absorb\u00e9 et assimil\u00e9 par les muscles*.<br \/>\n-<br \/>\nLa vitamine B6 intervient dans le m\u00e9tabolisme des prot\u00e9ines et des acides gras, car elle fait partie de plusieurs enzymes, et participe \u00e9galement \u00e0 la formation de l'h\u00e9moglobine et de la myoglobine, augmentant ainsi l'endurance a\u00e9robie. Son utilisation avec le magn\u00e9sium est essentielle car elle am\u00e9liore l'absorption digestive et la fixation du magn\u00e9sium dans la cellule. Il aide \u00e9galement notre organisme \u00e0 pr\u00e9venir les pertes de magn\u00e9sium, si fr\u00e9quentes chez les sportifs.<\/p>","protected":false},"excerpt":{"rendered":"<p>Pr\u00e9vient l'apparition de crampes musculaires<br \/>\n. Combinaison unique pour renforcer ses effets. Augmente et am\u00e9liore la fonction musculaire.<\/p>","protected":false},"featured_media":55107,"template":"","meta":{"inline_featured_image":false},"product_cat":[4782],"product_tag":[],"acf":[],"_links":{"self":[{"href":"https:\/\/weider.es\/fr\/wp-json\/wp\/v2\/product\/54432"}],"collection":[{"href":"https:\/\/weider.es\/fr\/wp-json\/wp\/v2\/product"}],"about":[{"href":"https:\/\/weider.es\/fr\/wp-json\/wp\/v2\/types\/product"}],"wp:featuredmedia":[{"embeddable":true,"href":"https:\/\/weider.es\/fr\/wp-json\/wp\/v2\/media\/55107"}],"wp:attachment":[{"href":"https:\/\/weider.es\/fr\/wp-json\/wp\/v2\/media?parent=54432"}],"wp:term":[{"taxonomy":"product_cat","embeddable":true,"href":"https:\/\/weider.es\/fr\/wp-json\/wp\/v2\/product_cat?post=54432"},{"taxonomy":"product_tag","embeddable":true,"href":"https:\/\/weider.es\/fr\/wp-json\/wp\/v2\/product_tag?post=54432"}],"curies":[{"name":"wp","href":"https:\/\/api.w.org\/{rel}","templated":true}]}}