{"id":54433,"date":"2024-07-30T10:56:48","date_gmt":"2024-07-30T08:56:48","guid":{"rendered":"https:\/\/weider.es\/product\/relax-citrus-punch\/"},"modified":"2024-10-17T10:28:39","modified_gmt":"2024-10-17T08:28:39","slug":"relax-citrus-punch","status":"publish","type":"product","link":"https:\/\/weider.es\/fr\/produit\/relax-citrus-punch\/","title":{"rendered":"Relax \u2013 Citrus Punch"},"content":{"rendered":"<p>Principaux avantages<\/p>\n<p>R\u00e9duction du stress : Les extraits naturels contenus dans nos gommes, tels que la L-th\u00e9anine et le L-tryptophane, contribuent \u00e0 r\u00e9duire le niveau de stress et \u00e0 am\u00e9liorer l'humeur en favorisant la production de s\u00e9rotonine et de m\u00e9latonine.<\/p>\n<p>Am\u00e9lioration du sommeil : Des ingr\u00e9dients tels que la passiflore et la m\u00e9lisse sont connus pour leurs propri\u00e9t\u00e9s de lutte contre l'insomnie et de promotion d'un sommeil plus r\u00e9parateur.<\/p>\n<p>Soutien psychologique : la vitamine B6 contribue \u00e0 une fonction psychologique normale, ce qui peut aider \u00e0 r\u00e9duire l'anxi\u00e9t\u00e9 et \u00e0 am\u00e9liorer la sant\u00e9 mentale en g\u00e9n\u00e9ral.<\/p>\n<p>Formule naturelle et saine : Sans sucre ni gluten, nos gommes conviennent aux personnes ayant des restrictions alimentaires, offrant une solution saine et naturelle pour la relaxation et la r\u00e9duction du stress.<\/p>\n<p>Mode d'emploi :<br \/>\nDose recommand\u00e9e : Consommer 2 gommes par jour pour des b\u00e9n\u00e9fices optimaux.<br \/>\nMode d'emploi : Prendre de pr\u00e9f\u00e9rence en p\u00e9riode de stress ou avant le coucher pour maximiser les effets relaxants.<\/p>","protected":false},"excerpt":{"rendered":"<p>RELAXER<\/p>\n<p>Se sentir calme.<br \/>\nContribue \u00e0 l'\u00e9quilibre mental.<br \/>\nAvec L-Tryptophane et L-Th\u00e9anine.<br \/>\nSans sucre et sans gluten.<\/p>\n<p>&nbsp;<\/p>","protected":false},"featured_media":54543,"template":"","meta":{"inline_featured_image":false},"product_cat":[4792,4783],"product_tag":[],"acf":[],"_links":{"self":[{"href":"https:\/\/weider.es\/fr\/wp-json\/wp\/v2\/product\/54433"}],"collection":[{"href":"https:\/\/weider.es\/fr\/wp-json\/wp\/v2\/product"}],"about":[{"href":"https:\/\/weider.es\/fr\/wp-json\/wp\/v2\/types\/product"}],"wp:featuredmedia":[{"embeddable":true,"href":"https:\/\/weider.es\/fr\/wp-json\/wp\/v2\/media\/54543"}],"wp:attachment":[{"href":"https:\/\/weider.es\/fr\/wp-json\/wp\/v2\/media?parent=54433"}],"wp:term":[{"taxonomy":"product_cat","embeddable":true,"href":"https:\/\/weider.es\/fr\/wp-json\/wp\/v2\/product_cat?post=54433"},{"taxonomy":"product_tag","embeddable":true,"href":"https:\/\/weider.es\/fr\/wp-json\/wp\/v2\/product_tag?post=54433"}],"curies":[{"name":"wp","href":"https:\/\/api.w.org\/{rel}","templated":true}]}}