{"id":54438,"date":"2024-07-30T10:56:48","date_gmt":"2024-07-30T08:56:48","guid":{"rendered":"https:\/\/weider.es\/product\/fiber-gummie-fresa\/"},"modified":"2024-10-17T10:28:39","modified_gmt":"2024-10-17T08:28:39","slug":"fiber-gummie-fresa","status":"publish","type":"product","link":"https:\/\/weider.es\/fr\/produit\/fiber-gummie-fresa\/","title":{"rendered":"Gummie aux fibres (fraise)"},"content":{"rendered":"<p>FIBRE<br \/>\n- Soutenir les niveaux de glucose<br \/>\n- Teneur \u00e9lev\u00e9e en fibres<br \/>\n- Sans sucre et sans gluten<br \/>\nWEIDER a con\u00e7u une nouvelle gomme riche en fibres au d\u00e9licieux go\u00fbt de fraise. Notre gomme aux fibres solubles de ma\u00efs allie le go\u00fbt fruit\u00e9 aux bienfaits des fibres solubles de ma\u00efs. Nous utilisons FIBERSOL, une marque d\u00e9pos\u00e9e de fibres alimentaires solubles produites \u00e0 partir d'amidon de ma\u00efs.<\/p>\n<p>Ces gommes conviennent \u00e0 tous les types de consommateurs, car elles ne contiennent ni gluten ni sucres. Ils offrent de multiples avantages, tels que l'am\u00e9lioration de la digestion, la r\u00e9gulation de la glyc\u00e9mie et le maintien de la sant\u00e9 intestinale. Chaque portion recommand\u00e9e de 3 gommes apporte 6 grammes de fibres solubles, qui se dissolvent dans l'eau et facilitent le fonctionnement du tube digestif.<\/p>\n<p>Principaux avantages :<br \/>\nRiche en fibres : 6 grammes de fibres solubles par portion.<br \/>\nSans gluten et sans sucre : convient \u00e0 divers r\u00e9gimes alimentaires.<br \/>\nAm\u00e9liore la digestion : les fibres solubles facilitent le fonctionnement de l'appareil digestif.<br \/>\nR\u00e9gulation de la glyc\u00e9mie : contribue \u00e0 un meilleur contr\u00f4le de la glyc\u00e9mie.<br \/>\nSant\u00e9 intestinale : favorise le maintien d'un syst\u00e8me digestif sain.<\/p>\n<p>CONSEILS D'UTILISATION : Prendre 3 gommes \u00e0 tout moment de la journ\u00e9e.<br \/>\nPR\u00c9SENTATION : 36 gommes.<br \/>\nSAVEUR : Fraise.<\/p>","protected":false},"excerpt":{"rendered":"<p>FIBRE<br \/>\n- Soutenir les niveaux de glucose<br \/>\n- Teneur \u00e9lev\u00e9e en fibres<br \/>\n- Sans sucre et sans gluten<\/p>","protected":false},"featured_media":54552,"template":"","meta":{"inline_featured_image":false},"product_cat":[4792,4783],"product_tag":[],"acf":[],"_links":{"self":[{"href":"https:\/\/weider.es\/fr\/wp-json\/wp\/v2\/product\/54438"}],"collection":[{"href":"https:\/\/weider.es\/fr\/wp-json\/wp\/v2\/product"}],"about":[{"href":"https:\/\/weider.es\/fr\/wp-json\/wp\/v2\/types\/product"}],"wp:featuredmedia":[{"embeddable":true,"href":"https:\/\/weider.es\/fr\/wp-json\/wp\/v2\/media\/54552"}],"wp:attachment":[{"href":"https:\/\/weider.es\/fr\/wp-json\/wp\/v2\/media?parent=54438"}],"wp:term":[{"taxonomy":"product_cat","embeddable":true,"href":"https:\/\/weider.es\/fr\/wp-json\/wp\/v2\/product_cat?post=54438"},{"taxonomy":"product_tag","embeddable":true,"href":"https:\/\/weider.es\/fr\/wp-json\/wp\/v2\/product_tag?post=54438"}],"curies":[{"name":"wp","href":"https:\/\/api.w.org\/{rel}","templated":true}]}}