{"id":54446,"date":"2024-07-30T10:56:48","date_gmt":"2024-07-30T08:56:48","guid":{"rendered":"https:\/\/weider.es\/product\/energy-gummie\/"},"modified":"2025-01-13T13:09:26","modified_gmt":"2025-01-13T12:09:26","slug":"energy-gummy","status":"publish","type":"product","link":"https:\/\/weider.es\/fr\/produit\/energy-gummie\/","title":{"rendered":"Energy Gummy"},"content":{"rendered":"<p>GOMMES \u00c9NERG\u00c9TIQUES \u00c0 LA CAF\u00c9INE<br \/>\nGuarana et Taurine<br \/>\nSans sucre<br \/>\nSans allerg\u00e8nes<\/p>\n<p>La caf\u00e9ine est une substance que l'on trouve dans des plantes telles que le caf\u00e9, le th\u00e9 et le guarana. Elle est connue pour r\u00e9duire la fatigue physique et mentale, am\u00e9liorer la concentration et donner de la rapidit\u00e9 et de la clart\u00e9 \u00e0 l'esprit. Notre gomme \u00e9nerg\u00e9tique est un moyen facile et d\u00e9licieux de consommer de la caf\u00e9ine, avec 61 mg par portion, soit l'\u00e9quivalent d'une tasse et demie de caf\u00e9.<\/p>\n<p>Avantages et caract\u00e9ristiques des gommes \u00e9nerg\u00e9tiques :<br \/>\nCaf\u00e9ine : 61 mg par portion, fournit un stimulus \u00e9quivalent \u00e0 une tasse et demie de caf\u00e9.<br \/>\nTaurine et extrait de guarana : renforcent l'effet stimulant de la caf\u00e9ine.<br \/>\nM\u00e9lange de vitamines : comprend des vitamines C, B5, B6 et B12, qui agissent en synergie avec le guarana pour augmenter la vigilance et r\u00e9duire la fatigue.<br \/>\nFaible teneur en calories : seulement 38 calories par portion, sans mati\u00e8res grasses.<br \/>\nSans sucre et sans allerg\u00e8ne : convient \u00e0 divers r\u00e9gimes alimentaires.<br \/>\nFacile \u00e0 dig\u00e9rer : produit \u00e0 assimilation rapide.<\/p>\n<p>Mode d'emploi :<br \/>\nPrendre 8 gommes \u00e0 tout moment de la journ\u00e9e pour un surplus d'\u00e9nergie.<\/p>","protected":false},"excerpt":{"rendered":"<p>GOMMES \u00c9NERG\u00c9TIQUES \u00c0 LA CAF\u00c9INE<br \/>\nGuarana et Taurine<br \/>\nSans sucre<br \/>\nSans allerg\u00e8nes<\/p>","protected":false},"featured_media":54553,"template":"","meta":{"inline_featured_image":false},"product_cat":[4792,4783],"product_tag":[],"acf":[],"_links":{"self":[{"href":"https:\/\/weider.es\/fr\/wp-json\/wp\/v2\/product\/54446"}],"collection":[{"href":"https:\/\/weider.es\/fr\/wp-json\/wp\/v2\/product"}],"about":[{"href":"https:\/\/weider.es\/fr\/wp-json\/wp\/v2\/types\/product"}],"wp:featuredmedia":[{"embeddable":true,"href":"https:\/\/weider.es\/fr\/wp-json\/wp\/v2\/media\/54553"}],"wp:attachment":[{"href":"https:\/\/weider.es\/fr\/wp-json\/wp\/v2\/media?parent=54446"}],"wp:term":[{"taxonomy":"product_cat","embeddable":true,"href":"https:\/\/weider.es\/fr\/wp-json\/wp\/v2\/product_cat?post=54446"},{"taxonomy":"product_tag","embeddable":true,"href":"https:\/\/weider.es\/fr\/wp-json\/wp\/v2\/product_tag?post=54446"}],"curies":[{"name":"wp","href":"https:\/\/api.w.org\/{rel}","templated":true}]}}