{"id":54453,"date":"2024-07-30T10:56:48","date_gmt":"2024-07-30T08:56:48","guid":{"rendered":"https:\/\/weider.es\/product\/immune\/"},"modified":"2024-10-17T10:28:40","modified_gmt":"2024-10-17T08:28:40","slug":"immune","status":"publish","type":"product","link":"https:\/\/weider.es\/fr\/produit\/immune\/","title":{"rendered":"Immunitaire"},"content":{"rendered":"<p>IMMUNE<br \/>\nVotre meilleure d\u00e9fense<br \/>\n- Formul\u00e9 pour renforcer votre syst\u00e8me immunitaire<br \/>\n- 9 vitamines et 3 min\u00e9raux<br \/>\n- Enrichi en gel\u00e9e royale et en \u00e9chinac\u00e9e<\/p>\n<p>Immune est une option d\u00e9licieuse et nutritive pour renforcer vos d\u00e9fenses, gr\u00e2ce \u00e0 sa combinaison de vitamines essentielles et d'extraits naturels, sans sucre ni gluten. Id\u00e9al pour se faire plaisir tout en prenant soin de soi.<\/p>\n<p>Avantages et caract\u00e9ristiques d'Immune :<br \/>\nVitamines essentielles : comprend les vitamines C, A, D, E, B6, B12, l'acide folique et la biotine, essentiels \u00e0 la fonction immunitaire.<br \/>\nExtrait d'\u00e9chinac\u00e9e : connu pour ses bienfaits sur le syst\u00e8me immunitaire.<br \/>\nGel\u00e9e royale : aide \u00e0 stimuler les d\u00e9fenses naturelles et apporte un suppl\u00e9ment d'\u00e9nergie, r\u00e9duisant ainsi la fatigue.<br \/>\nFormule am\u00e9lior\u00e9e : sans sucres ajout\u00e9s, sans gluten, avec des extraits de plantes et des colorants et ar\u00f4mes naturels.<\/p>\n<p>Mode d'emploi : Prendre 2 gommes par jour.<\/p>","protected":false},"excerpt":{"rendered":"<p>IMMUNE<br \/>\nVotre meilleure d\u00e9fense<br \/>\n- Formul\u00e9 pour renforcer votre syst\u00e8me immunitaire<br \/>\n- 9 vitamines et 3 min\u00e9raux<br \/>\n- Enrichi en gel\u00e9e royale et en \u00e9chinac\u00e9e<\/p>","protected":false},"featured_media":54564,"template":"","meta":{"inline_featured_image":false},"product_cat":[4792,4783],"product_tag":[],"acf":[],"_links":{"self":[{"href":"https:\/\/weider.es\/fr\/wp-json\/wp\/v2\/product\/54453"}],"collection":[{"href":"https:\/\/weider.es\/fr\/wp-json\/wp\/v2\/product"}],"about":[{"href":"https:\/\/weider.es\/fr\/wp-json\/wp\/v2\/types\/product"}],"wp:featuredmedia":[{"embeddable":true,"href":"https:\/\/weider.es\/fr\/wp-json\/wp\/v2\/media\/54564"}],"wp:attachment":[{"href":"https:\/\/weider.es\/fr\/wp-json\/wp\/v2\/media?parent=54453"}],"wp:term":[{"taxonomy":"product_cat","embeddable":true,"href":"https:\/\/weider.es\/fr\/wp-json\/wp\/v2\/product_cat?post=54453"},{"taxonomy":"product_tag","embeddable":true,"href":"https:\/\/weider.es\/fr\/wp-json\/wp\/v2\/product_tag?post=54453"}],"curies":[{"name":"wp","href":"https:\/\/api.w.org\/{rel}","templated":true}]}}