{"id":54467,"date":"2024-07-30T10:56:48","date_gmt":"2024-07-30T08:56:48","guid":{"rendered":"https:\/\/weider.es\/product\/melatonina-fresa\/"},"modified":"2024-10-17T10:28:41","modified_gmt":"2024-10-17T08:28:41","slug":"melatonina-fresa","status":"publish","type":"product","link":"https:\/\/weider.es\/fr\/produit\/melatonina-fresa\/","title":{"rendered":"M\u00e9latonine \u00e0 la fraise"},"content":{"rendered":"<p>Le sommeil est vital pour la sant\u00e9. La m\u00e9latonine, produite naturellement par le cerveau, r\u00e9gule les cycles du sommeil. Des facteurs tels que l'\u00e2ge, le travail post\u00e9, la prise de m\u00e9dicaments anti-inflammatoires et l'exposition \u00e0 la lumi\u00e8re et aux ondes \u00e9lectromagn\u00e9tiques peuvent diminuer sa production et affecter la qualit\u00e9 du sommeil.<\/p>\n<ul>\n<li>Dose efficace : 1 mg de m\u00e9latonine de haute qualit\u00e9.<\/li>\n<li>Am\u00e9lioration du sommeil : r\u00e9duit le temps d'endormissement et r\u00e9gule les cycles du sommeil.<\/li>\n<li>Soulagement du d\u00e9calage horaire : ajuste le cycle de sommeil apr\u00e8s de longs voyages.<\/li>\n<li>Sommeil r\u00e9parateur : r\u00e9duit les r\u00e9veils nocturnes.<\/li>\n<li>Antioxydant : lutte contre le vieillissement et renforce les d\u00e9fenses.<\/li>\n<\/ul>\n<p>&nbsp;<\/p>\n<p>Faites-vous plaisir tout en prenant soin de vous avec <a href=\"https:\/\/weider.es\/fr\/produit\/melatonina\/\">M\u00e9latonine<\/a>La mani\u00e8re la plus d\u00e9licieuse de prendre votre dose de m\u00e9latonine gr\u00e2ce \u00e0 son d\u00e9licieux go\u00fbt de fraise sans sucre 100%.<\/p>\n<p>Mode d'emploi : prendre un bonbon ou une gomme avant de se coucher.<\/p>","protected":false},"excerpt":{"rendered":"<p>De doux r\u00eaves dans un chewing-gum \u00e0 la m\u00e9latonine et \u00e0 la fraise.<\/p>\n<p>1 mg de m\u00e9latonine par bonbon.<br \/>\nUn seul bonbon par jour.<br \/>\nAm\u00e9liore les effets du d\u00e9calage horaire.<\/p>","protected":false},"featured_media":54577,"template":"","meta":{"inline_featured_image":false},"product_cat":[4792,4783],"product_tag":[],"acf":[],"_links":{"self":[{"href":"https:\/\/weider.es\/fr\/wp-json\/wp\/v2\/product\/54467"}],"collection":[{"href":"https:\/\/weider.es\/fr\/wp-json\/wp\/v2\/product"}],"about":[{"href":"https:\/\/weider.es\/fr\/wp-json\/wp\/v2\/types\/product"}],"wp:featuredmedia":[{"embeddable":true,"href":"https:\/\/weider.es\/fr\/wp-json\/wp\/v2\/media\/54577"}],"wp:attachment":[{"href":"https:\/\/weider.es\/fr\/wp-json\/wp\/v2\/media?parent=54467"}],"wp:term":[{"taxonomy":"product_cat","embeddable":true,"href":"https:\/\/weider.es\/fr\/wp-json\/wp\/v2\/product_cat?post=54467"},{"taxonomy":"product_tag","embeddable":true,"href":"https:\/\/weider.es\/fr\/wp-json\/wp\/v2\/product_tag?post=54467"}],"curies":[{"name":"wp","href":"https:\/\/api.w.org\/{rel}","templated":true}]}}