{"id":54473,"date":"2024-07-30T10:56:48","date_gmt":"2024-07-30T08:56:48","guid":{"rendered":"https:\/\/weider.es\/product\/multivit\/"},"modified":"2025-01-22T14:44:07","modified_gmt":"2025-01-22T13:44:07","slug":"multivit","status":"publish","type":"product","link":"https:\/\/weider.es\/fr\/produit\/multivit\/","title":{"rendered":"Multivit"},"content":{"rendered":"<p>R\u00c9VEILLEZ VOTRE \u00c9NERGIE<br \/>\nLA FORME LA PLUS D\u00c9LICIEUSE DE<br \/>\nLA PRISE DE VITAMINES ET DE MIN\u00c9RAUX<br \/>\nSEULEMENT 13 KCAL PAR PORTION<br \/>\nSANS SUCRE ET SANS GLUTEN<\/p>\n<p>Weider Multivit est une mani\u00e8re innovante de consommer des vitamines et des min\u00e9raux essentiels. Dans le mode de vie rapide d'aujourd'hui, les carences nutritionnelles sont fr\u00e9quentes. Multivit offre une solution simple et d\u00e9licieuse pour assurer un apport ad\u00e9quat de ces nutriments.<\/p>\n<p>Les avantages de Multivit :<br \/>\nApport nutritionnel complet : fournit 65% des besoins quotidiens en 9 vitamines et 3 min\u00e9raux.<br \/>\nFacile et agr\u00e9able \u00e0 prendre : deux gommes par jour.<br \/>\nVitamines et min\u00e9raux inclus :<br \/>\nVitamine A : fonction immunitaire, absorption du fer, soins de la peau.<br \/>\nVitamine D : absorption du calcium, soin des os et des muscles.<br \/>\nVitamine E : puissant antioxydant.<br \/>\nVitamine C : Syst\u00e8me immunitaire, peau, formation de cartilage et de collag\u00e8ne.<br \/>\nVitamine B6 : \u00e9nergie, fonction du syst\u00e8me nerveux et m\u00e9tabolisme des prot\u00e9ines.<br \/>\nVitamine B5 : \u00c9nergie, synth\u00e8se hormonale, lutte contre la fatigue.<br \/>\nVitamine B12 : m\u00e9tabolisme \u00e9nerg\u00e9tique, formation des globules rouges, fonctions nerveuses et cognitives.<br \/>\nAcide folique : synth\u00e8se des acides amin\u00e9s et formation de nouvelles cellules.<br \/>\nBiotine : \u00c9nergie, soins de la peau, des cheveux et des ongles.<br \/>\nZinc : \u00e9nergie, fertilit\u00e9 et protection antioxydante.<br \/>\nIode : fonction c\u00e9r\u00e9brale, peau et m\u00e9tabolisme.<br \/>\nS\u00e9l\u00e9nium : Syst\u00e8me immunitaire, peau et ongles, antioxydant.<\/p>\n<p>Caract\u00e9ristiques suppl\u00e9mentaires :<\/p>\n<p>Sans sucre : chaque portion de deux bonbons n'apporte que 13 kcal.<br \/>\nD\u00e9licieux et nutritif : rendre l'apport en vitamines agr\u00e9able et amusant.<br \/>\nWeider Multivit fait de l'heure des vitamines le moment le plus attendu de la journ\u00e9e, \u00e9liminant le besoin de pilules ennuyeuses.<\/p>\n<p>Mode d'emploi : Prendre 2 gommes par jour.<\/p>","protected":false},"excerpt":{"rendered":"<p>R\u00c9VEILLEZ VOTRE \u00c9NERGIE<br \/>\nLA FORME LA PLUS D\u00c9LICIEUSE DE<br \/>\nLA PRISE DE VITAMINES ET DE MIN\u00c9RAUX<br \/>\nSEULEMENT 13 KCAL PAR PORTION<br \/>\nSANS SUCRE ET SANS GLUTEN<\/p>","protected":false},"featured_media":55568,"template":"","meta":{"inline_featured_image":false},"product_cat":[4792,4783],"product_tag":[],"acf":[],"_links":{"self":[{"href":"https:\/\/weider.es\/fr\/wp-json\/wp\/v2\/product\/54473"}],"collection":[{"href":"https:\/\/weider.es\/fr\/wp-json\/wp\/v2\/product"}],"about":[{"href":"https:\/\/weider.es\/fr\/wp-json\/wp\/v2\/types\/product"}],"wp:featuredmedia":[{"embeddable":true,"href":"https:\/\/weider.es\/fr\/wp-json\/wp\/v2\/media\/55568"}],"wp:attachment":[{"href":"https:\/\/weider.es\/fr\/wp-json\/wp\/v2\/media?parent=54473"}],"wp:term":[{"taxonomy":"product_cat","embeddable":true,"href":"https:\/\/weider.es\/fr\/wp-json\/wp\/v2\/product_cat?post=54473"},{"taxonomy":"product_tag","embeddable":true,"href":"https:\/\/weider.es\/fr\/wp-json\/wp\/v2\/product_tag?post=54473"}],"curies":[{"name":"wp","href":"https:\/\/api.w.org\/{rel}","templated":true}]}}