{"id":54478,"date":"2024-07-30T10:56:48","date_gmt":"2024-07-30T08:56:48","guid":{"rendered":"https:\/\/weider.es\/product\/omega\/"},"modified":"2025-01-17T13:29:02","modified_gmt":"2025-01-17T12:29:02","slug":"omega","status":"publish","type":"product","link":"https:\/\/weider.es\/fr\/produit\/omega\/","title":{"rendered":"Om\u00e9ga"},"content":{"rendered":"<p>COMBINAISON D'ACIDES<br \/>\nACIDES GRAS OM\u00c9GA 3-6-9<br \/>\nPRODUIT 100% VEGETABLE,<br \/>\nAVEC DES GRAINES DE CHIA ET DE LIN<br \/>\nSANS GLUTEN<\/p>\n<p>Omega Gummies rend la consommation d'acides gras om\u00e9ga 3-6-9 facile et d\u00e9licieuse. Les acides gras essentiels om\u00e9ga 3 et 6 sont indispensables \u00e0 de nombreux processus corporels, car l'organisme ne peut pas les synth\u00e9tiser et doit les trouver dans l'alimentation.<\/p>\n<p>Avantages des Omega Gummies :<br \/>\nOm\u00e9ga 3 : polyinsatur\u00e9s, essentiels pour le c\u0153ur et le cerveau, et pr\u00e9curseurs de compos\u00e9s anti-inflammatoires.<br \/>\nOm\u00e9ga 6 : important pour le d\u00e9veloppement du cerveau, du c\u0153ur et de la peau.<br \/>\nOm\u00e9ga 9 : Bien qu'ils ne soient pas essentiels, ils contribuent \u00e0 r\u00e9duire le cholest\u00e9rol et \u00e0 soigner le c\u0153ur.<\/p>\n<p>Mode d'emploi :<br \/>\nDose recommand\u00e9e : Prendre 2 gommes par jour.<\/p>","protected":false},"excerpt":{"rendered":"<p>COMBINAISON D'ACIDES<br \/>\nACIDES GRAS OM\u00c9GA 3-6-9<br \/>\nPRODUIT 100% VEGETABLE,<br \/>\nAVEC DES GRAINES DE CHIA ET DE LIN<br \/>\nSANS GLUTEN<\/p>","protected":false},"featured_media":55559,"template":"","meta":{"inline_featured_image":false},"product_cat":[4792,4783,4781],"product_tag":[],"acf":[],"_links":{"self":[{"href":"https:\/\/weider.es\/fr\/wp-json\/wp\/v2\/product\/54478"}],"collection":[{"href":"https:\/\/weider.es\/fr\/wp-json\/wp\/v2\/product"}],"about":[{"href":"https:\/\/weider.es\/fr\/wp-json\/wp\/v2\/types\/product"}],"wp:featuredmedia":[{"embeddable":true,"href":"https:\/\/weider.es\/fr\/wp-json\/wp\/v2\/media\/55559"}],"wp:attachment":[{"href":"https:\/\/weider.es\/fr\/wp-json\/wp\/v2\/media?parent=54478"}],"wp:term":[{"taxonomy":"product_cat","embeddable":true,"href":"https:\/\/weider.es\/fr\/wp-json\/wp\/v2\/product_cat?post=54478"},{"taxonomy":"product_tag","embeddable":true,"href":"https:\/\/weider.es\/fr\/wp-json\/wp\/v2\/product_tag?post=54478"}],"curies":[{"name":"wp","href":"https:\/\/api.w.org\/{rel}","templated":true}]}}