{"id":54483,"date":"2024-07-30T10:56:48","date_gmt":"2024-07-30T08:56:48","guid":{"rendered":"https:\/\/weider.es\/product\/vitamin-c\/"},"modified":"2025-01-15T14:24:12","modified_gmt":"2025-01-15T13:24:12","slug":"vitamin-c","status":"publish","type":"product","link":"https:\/\/weider.es\/fr\/produit\/vitamin-c\/","title":{"rendered":"Vitamine C"},"content":{"rendered":"<p>Prendre de la vitamine C n'a jamais \u00e9t\u00e9 aussi app\u00e9tissant !<br \/>\nForte concentration en vitamine C<br \/>\nSans sucre et sans gluten<\/p>\n<p>Vitamine C de Weider est un moyen innovant de consommer de la vitamine C sous forme de gommes aromatis\u00e9es \u00e0 l'orange. Ce format permet d'assurer facilement un apport ad\u00e9quat de cette vitamine essentielle, en particulier dans un mode de vie moderne o\u00f9 les fruits et l\u00e9gumes frais peuvent \u00eatre rares dans l'alimentation.<\/p>\n<p>Avantages et caract\u00e9ristiques de la vitamine C :<br \/>\nFonction immunitaire : soutient le syst\u00e8me immunitaire.<br \/>\nSoins de la peau, des vaisseaux sanguins et des gencives.<br \/>\nFormation et entretien : os, cartilage et dents.<br \/>\nM\u00e9tabolisme : bon fonctionnement du m\u00e9tabolisme.<br \/>\nFonction c\u00e9r\u00e9brale et mentale : Favorise la sant\u00e9 c\u00e9r\u00e9brale et mentale.<br \/>\nProtection des cellules : prot\u00e8ge contre les radicaux libres.<br \/>\nR\u00e9duction de la fatigue : aide \u00e0 r\u00e9duire la fatigue.<\/p>\n<p>Dosage \u00e9lev\u00e9 : trois gommes par jour fournissent jusqu'\u00e0 250% de la vitamine C recommand\u00e9e.<\/p>","protected":false},"excerpt":{"rendered":"<p>Prendre de la vitamine C n'a jamais \u00e9t\u00e9 aussi app\u00e9tissant !<br \/>\nForte concentration en vitamine C<br \/>\nSans sucre et sans gluten<\/p>","protected":false},"featured_media":47405,"template":"","meta":{"inline_featured_image":false},"product_cat":[4792,4783],"product_tag":[],"acf":[],"_links":{"self":[{"href":"https:\/\/weider.es\/fr\/wp-json\/wp\/v2\/product\/54483"}],"collection":[{"href":"https:\/\/weider.es\/fr\/wp-json\/wp\/v2\/product"}],"about":[{"href":"https:\/\/weider.es\/fr\/wp-json\/wp\/v2\/types\/product"}],"wp:featuredmedia":[{"embeddable":true,"href":"https:\/\/weider.es\/fr\/wp-json\/wp\/v2\/media\/47405"}],"wp:attachment":[{"href":"https:\/\/weider.es\/fr\/wp-json\/wp\/v2\/media?parent=54483"}],"wp:term":[{"taxonomy":"product_cat","embeddable":true,"href":"https:\/\/weider.es\/fr\/wp-json\/wp\/v2\/product_cat?post=54483"},{"taxonomy":"product_tag","embeddable":true,"href":"https:\/\/weider.es\/fr\/wp-json\/wp\/v2\/product_tag?post=54483"}],"curies":[{"name":"wp","href":"https:\/\/api.w.org\/{rel}","templated":true}]}}