{"id":54488,"date":"2024-07-30T10:56:48","date_gmt":"2024-07-30T08:56:48","guid":{"rendered":"https:\/\/weider.es\/product\/vitamin-d\/"},"modified":"2024-10-17T10:28:43","modified_gmt":"2024-10-17T08:28:43","slug":"vitamin-d","status":"publish","type":"product","link":"https:\/\/weider.es\/fr\/produit\/vitamin-d-2\/","title":{"rendered":"Vitamine D"},"content":{"rendered":"<p>Forte concentration en vitamine D3<br \/>\nSeulement 1 bonbon par jour<br \/>\nSans sucre et sans gluten<\/p>\n<p>Les gommes Vitamine D ! sont un moyen d\u00e9licieux et pratique d'assurer votre dose quotidienne de vitamine D, essentielle \u00e0 diverses fonctions du corps humain. Bien que son r\u00f4le le plus connu soit l'absorption du calcium et la sant\u00e9 des os, la vitamine D est \u00e9galement cruciale pour la fonction musculaire, la fonction immunitaire, la fonction hormonale et l'entretien de la peau.<\/p>\n<p>Avantages des gommes \u00e0 la vitamine D :<\/p>\n<p>Sant\u00e9 des os et des dents : cruciale pour l'absorption du calcium.<br \/>\nFonction musculaire : Favorise le bon fonctionnement des muscles.<br \/>\nFonction immunitaire : am\u00e9liore la r\u00e9ponse du syst\u00e8me immunitaire.<br \/>\nR\u00e9gulation hormonale : Important pour l'\u00e9quilibre hormonal.<br \/>\nEntretien de la peau : contribue \u00e0 la sant\u00e9 de la peau.<\/p>\n<p>Carence en vitamine D :<br \/>\nBien qu'elle soit pr\u00e9sente dans des aliments tels que les poissons gras et les champignons, la carence est fr\u00e9quente dans les pays peu ensoleill\u00e9s et chez les personnes qui limitent les graisses dans leur alimentation.<br \/>\nCaract\u00e9ristiques des gommes \u00e0 la vitamine D :<\/p>\n<p>Maintenir des niveaux ad\u00e9quats de vitamine D est essentiel pour am\u00e9liorer le syst\u00e8me immunitaire et r\u00e9duire le risque de maladies associ\u00e9es. Avec les gommes \u00e0 la vitamine D, il n'a jamais \u00e9t\u00e9 aussi facile et agr\u00e9able de prendre soin de sa sant\u00e9.<\/p>","protected":false},"excerpt":{"rendered":"<p>Forte concentration en vitamine D3<br \/>\nSeulement 1 bonbon par jour<br \/>\nSans sucre et sans gluten<\/p>","protected":false},"featured_media":54591,"template":"","meta":{"inline_featured_image":false},"product_cat":[4792,4783],"product_tag":[],"acf":[],"_links":{"self":[{"href":"https:\/\/weider.es\/fr\/wp-json\/wp\/v2\/product\/54488"}],"collection":[{"href":"https:\/\/weider.es\/fr\/wp-json\/wp\/v2\/product"}],"about":[{"href":"https:\/\/weider.es\/fr\/wp-json\/wp\/v2\/types\/product"}],"wp:featuredmedia":[{"embeddable":true,"href":"https:\/\/weider.es\/fr\/wp-json\/wp\/v2\/media\/54591"}],"wp:attachment":[{"href":"https:\/\/weider.es\/fr\/wp-json\/wp\/v2\/media?parent=54488"}],"wp:term":[{"taxonomy":"product_cat","embeddable":true,"href":"https:\/\/weider.es\/fr\/wp-json\/wp\/v2\/product_cat?post=54488"},{"taxonomy":"product_tag","embeddable":true,"href":"https:\/\/weider.es\/fr\/wp-json\/wp\/v2\/product_tag?post=54488"}],"curies":[{"name":"wp","href":"https:\/\/api.w.org\/{rel}","templated":true}]}}