{"id":54490,"date":"2024-07-30T10:56:48","date_gmt":"2024-07-30T08:56:48","guid":{"rendered":"https:\/\/weider.es\/product\/calcium\/"},"modified":"2025-01-22T14:42:30","modified_gmt":"2025-01-22T13:42:30","slug":"calcium","status":"publish","type":"product","link":"https:\/\/weider.es\/fr\/produit\/calcium\/","title":{"rendered":"Calcium"},"content":{"rendered":"<p>Contribue au maintien d'une sant\u00e9 osseuse normale<br \/>\nEnrichi en vitamine D et K<br \/>\nSans sucre et sans gluten<\/p>\n<p>Les gommes de calcium constituent un moyen d\u00e9licieux et moelleux d'obtenir des nutriments cl\u00e9s pour la sant\u00e9 des os. Non seulement elles fournissent du calcium, essentiel \u00e0 la structure des os et des dents, mais elles contiennent \u00e9galement de la vitamine D et de la vitamine K pour assurer une absorption et un m\u00e9tabolisme corrects du calcium.<\/p>\n<p>Avantages des gommes de calcium :<\/p>\n<p>Calcium : Essentiel pour la structure des os et des dents. Deux gommes apportent 250 mg de calcium, soit l'\u00e9quivalent d'un verre de lait.<br \/>\nVitamine D3 : facilite l'absorption et le m\u00e9tabolisme du calcium.<br \/>\nVitamine K2 : importante pour le maintien d'os solides et sains.<br \/>\nSans gluten : Convient aux personnes sensibles au gluten.<br \/>\nSans sucre et pauvre en graisses : convient aux diab\u00e9tiques et aux personnes qui contr\u00f4lent leur poids.<br \/>\nImportance des vitamines pour la sant\u00e9 des os :<br \/>\nVitamine D : aide \u00e0 absorber le calcium contenu dans les aliments et \u00e0 maintenir des niveaux ad\u00e9quats dans le sang.<br \/>\nVitamine K : contribue \u00e0 la min\u00e9ralisation des os et peut aider \u00e0 r\u00e9duire la perte osseuse.<\/p>","protected":false},"excerpt":{"rendered":"<p>Contribue au maintien d'une sant\u00e9 osseuse normale<br \/>\nEnrichi en vitamine D et K<br \/>\nSans sucre et sans gluten<\/p>","protected":false},"featured_media":55567,"template":"","meta":{"inline_featured_image":false},"product_cat":[4792,4783],"product_tag":[],"acf":[],"_links":{"self":[{"href":"https:\/\/weider.es\/fr\/wp-json\/wp\/v2\/product\/54490"}],"collection":[{"href":"https:\/\/weider.es\/fr\/wp-json\/wp\/v2\/product"}],"about":[{"href":"https:\/\/weider.es\/fr\/wp-json\/wp\/v2\/types\/product"}],"wp:featuredmedia":[{"embeddable":true,"href":"https:\/\/weider.es\/fr\/wp-json\/wp\/v2\/media\/55567"}],"wp:attachment":[{"href":"https:\/\/weider.es\/fr\/wp-json\/wp\/v2\/media?parent=54490"}],"wp:term":[{"taxonomy":"product_cat","embeddable":true,"href":"https:\/\/weider.es\/fr\/wp-json\/wp\/v2\/product_cat?post=54490"},{"taxonomy":"product_tag","embeddable":true,"href":"https:\/\/weider.es\/fr\/wp-json\/wp\/v2\/product_tag?post=54490"}],"curies":[{"name":"wp","href":"https:\/\/api.w.org\/{rel}","templated":true}]}}