{"id":54493,"date":"2024-07-30T10:56:48","date_gmt":"2024-07-30T08:56:48","guid":{"rendered":"https:\/\/weider.es\/product\/multikids\/"},"modified":"2025-01-17T13:26:10","modified_gmt":"2025-01-17T12:26:10","slug":"multikids","status":"publish","type":"product","link":"https:\/\/weider.es\/fr\/produit\/multikids\/","title":{"rendered":"Multikids"},"content":{"rendered":"<p>D\u00e9licieux complexe de vitamines<br \/>\nQuantit\u00e9s adapt\u00e9es aux enfants<br \/>\nSans gluten et sans sucres ajout\u00e9s<\/p>\n<p>Multikids est un compl\u00e9ment vitaminique sous forme de gommes sp\u00e9cialement con\u00e7u pour r\u00e9pondre aux besoins nutritionnels des enfants.<\/p>\n<p>Caract\u00e9ristiques et avantages de Multikids :<br \/>\nFormul\u00e9 pour les enfants : Con\u00e7u pour r\u00e9pondre aux besoins nutritionnels des jeunes enfants.<br \/>\nCompl\u00e9ment id\u00e9al : contribue \u00e0 une alimentation \u00e9quilibr\u00e9e et fournit des nutriments essentiels pour une croissance et un d\u00e9veloppement ad\u00e9quats.<br \/>\nPr\u00e9sentation app\u00e9tissante : les gommes sont fabriqu\u00e9es \u00e0 partir de Fruitup, une base de fruits qui leur conf\u00e8re une texture douce et saine, facile \u00e0 m\u00e2cher et \u00e0 avaler.<br \/>\nSans sucres ajout\u00e9s : ne contient que des sucres de fruits naturels.<br \/>\nContient 9 vitamines : fournit une combinaison adapt\u00e9e de vitamines n\u00e9cessaires aux enfants.<\/p>\n<p>Facile \u00e0 prendre : avec seulement 2 gommes par jour, les enfants obtiennent les nutriments essentiels dont ils ont besoin.<br \/>\nMultikids est un moyen d\u00e9licieux et pratique de s'assurer que les enfants re\u00e7oivent les nutriments dont ils ont besoin pour leur croissance et leur d\u00e9veloppement, en compl\u00e9ment d'une alimentation \u00e9quilibr\u00e9e et saine.<\/p>","protected":false},"excerpt":{"rendered":"<p>D\u00e9licieux complexe de vitamines<br \/>\nQuantit\u00e9s adapt\u00e9es aux enfants<br \/>\nSans gluten et sans sucres ajout\u00e9s<\/p>","protected":false},"featured_media":55555,"template":"","meta":{"inline_featured_image":false},"product_cat":[4792,4783],"product_tag":[],"acf":[],"_links":{"self":[{"href":"https:\/\/weider.es\/fr\/wp-json\/wp\/v2\/product\/54493"}],"collection":[{"href":"https:\/\/weider.es\/fr\/wp-json\/wp\/v2\/product"}],"about":[{"href":"https:\/\/weider.es\/fr\/wp-json\/wp\/v2\/types\/product"}],"wp:featuredmedia":[{"embeddable":true,"href":"https:\/\/weider.es\/fr\/wp-json\/wp\/v2\/media\/55555"}],"wp:attachment":[{"href":"https:\/\/weider.es\/fr\/wp-json\/wp\/v2\/media?parent=54493"}],"wp:term":[{"taxonomy":"product_cat","embeddable":true,"href":"https:\/\/weider.es\/fr\/wp-json\/wp\/v2\/product_cat?post=54493"},{"taxonomy":"product_tag","embeddable":true,"href":"https:\/\/weider.es\/fr\/wp-json\/wp\/v2\/product_tag?post=54493"}],"curies":[{"name":"wp","href":"https:\/\/api.w.org\/{rel}","templated":true}]}}